{"id":14555,"date":"2024-10-30T18:36:12","date_gmt":"2024-10-30T14:36:12","guid":{"rendered":"https:\/\/bigchoice.ge\/?post_type=product&#038;p=14555"},"modified":"2024-10-30T18:36:54","modified_gmt":"2024-10-30T14:36:54","slug":"ds-j1421-7204hghi-f14cam-copy-copy","status":"publish","type":"product","link":"https:\/\/bigchoice.ge\/en\/product\/ds-j1421-7204hghi-f14cam-copy-copy\/","title":{"rendered":"DS-J1421\/7204HGHI-F1+4CAM (Copy) (Copy)"},"content":{"rendered":"<ul>\n<li><span class=\"tech-specs-items-description__title--heading\"><strong>Recording<\/strong><\/span><\/li>\n<li><span class=\"tech-specs-items-description__title\">Video compression<\/span><span class=\"tech-specs-items-description__title-details\">H.264+\/H.264<\/span><\/li>\n<li><span class=\"tech-specs-items-description__title\">Encoding resolution<\/span><span class=\"tech-specs-items-description__title-details\">When 1080p Lite mode not enabled: 720p\/WD1\/4CIF\/VGA\/CIF,When 1080p Lite mode enabled: 1080p lite\/720p\/WD1\/4CIF\/VGA\/CIF<\/span><\/li>\n<li><span class=\"tech-specs-items-description__title\">Frame rate<\/span><span class=\"tech-specs-items-description__title-details\">Main stream: ,When 1080p Lite mode not enabled:,For 720p stream access: 720p\/WD1\/4CIF\/VGA\/CIF@25fps (P)\/30fps (N),When 1080p Lite mode enabled:,1080p lite\/720p\/WD1\/4CIF\/VGA\/CIF@25fps (P)\/30fps (N),Sub-stream: ,2CIF@6fps; CIF\/QVGA\/QCIF@ 25fps (P)\/30fps (N),<\/span><\/li>\n<li><span class=\"tech-specs-items-description__title\">Video bit rate<\/span><span class=\"tech-specs-items-description__title-details\">32 Kbps to 4 Mbps<\/span><\/li>\n<li><span class=\"tech-specs-items-description__title\">Dual stream<\/span><span class=\"tech-specs-items-description__title-details\">Support<\/span><\/li>\n<li><span class=\"tech-specs-items-description__title\">Stream type<\/span><span class=\"tech-specs-items-description__title-details\">Video, Video &amp; Audio<\/span><\/li>\n<li><span class=\"tech-specs-items-description__title\">Audio compression<\/span><span class=\"tech-specs-items-description__title-details\">G.711u<\/span><\/li>\n<li><span class=\"tech-specs-items-description__title\">Audio bit rate<\/span><span class=\"tech-specs-items-description__title-details\">64 Kbps<\/span><\/li>\n<\/ul>\n<ul>\n<li><span class=\"tech-specs-items-description__title--heading\"><strong>Video and Audio<\/strong><\/span><\/li>\n<li><span class=\"tech-specs-items-description__title\">IP video input<\/span><span class=\"tech-specs-items-description__title-details\">1-ch (up to 5-ch) Up to 960p resolution Support H.264+\/H.264 IP cameras<\/span><\/li>\n<li><span class=\"tech-specs-items-description__title\">Analog video input<\/span><span class=\"tech-specs-items-description__title-details\">4-ch BNC interface (1.0 Vp-p, 75 \u03a9), supporting coaxitron connection<\/span><\/li>\n<li><span class=\"tech-specs-items-description__title\">Turbo HD input<\/span><span class=\"tech-specs-items-description__title-details\">1080p25, 1080p30, 720p25, 720p30<\/span><\/li>\n<li><span class=\"tech-specs-items-description__title\">AHD input<\/span><span class=\"tech-specs-items-description__title-details\">1080p25, 1080p30, 720p25, 720p30<\/span><\/li>\n<li><span class=\"tech-specs-items-description__title\">HDCVI input<\/span><span class=\"tech-specs-items-description__title-details\">1080p25, 1080p30, 720p25, 720p30<\/span><\/li>\n<li><span class=\"tech-specs-items-description__title\">CVBS input<\/span><span class=\"tech-specs-items-description__title-details\">Support<\/span><\/li>\n<li><span class=\"tech-specs-items-description__title\">Audio input<\/span><span class=\"tech-specs-items-description__title-details\">1-ch, RCA (2.0 Vp-p, 1 K\u03a9)<\/span><\/li>\n<li><span class=\"tech-specs-items-description__title\">Audio output<\/span><span class=\"tech-specs-items-description__title-details\">1-ch, RCA (Linear, 1 K\u03a9)<\/span><\/li>\n<li><span class=\"tech-specs-items-description__title\">Two-way audio<\/span><span class=\"tech-specs-items-description__title-details\">Reuse the first audio input<\/span><\/li>\n<li><span class=\"tech-specs-items-description__title\">Synchronous playback<\/span><span class=\"tech-specs-items-description__title-details\">4-ch<\/span><\/li>\n<li><span class=\"tech-specs-items-description__title\">VGA\/HDMI output<\/span><span class=\"tech-specs-items-description__title-details\">1-ch, 1920 \u00d7 1080\/60Hz, 1280 \u00d7 1024\/60Hz, 1280 \u00d7 720\/60Hz, 1024 \u00d7 768\/60Hz<\/span><\/li>\n<\/ul>\n<ul>\n<li><span class=\"tech-specs-items-description__title--heading\"><strong>Network<\/strong><\/span><\/li>\n<li><span class=\"tech-specs-items-description__title\">Remote connections<\/span><span class=\"tech-specs-items-description__title-details\">32<\/span><\/li>\n<li><span class=\"tech-specs-items-description__title\">Network protocols<\/span><span class=\"tech-specs-items-description__title-details\">TCP\/IP, PPPoE, DHCP, Hik-Connect, DNS, DDNS, NTP, SADP, SMTP, NFS, iSCSI, UPnP\u2122, HTTPS<\/span><\/li>\n<li><span class=\"tech-specs-items-description__title\">Network interface<\/span><span class=\"tech-specs-items-description__title-details\">1, RJ45 10M\/100M self-adaptive Ethernet interface<\/span><\/li>\n<\/ul>\n<ul>\n<li><span class=\"tech-specs-items-description__title--heading\"><strong>Auxiliary interface<\/strong><\/span><\/li>\n<li><span class=\"tech-specs-items-description__title\">SATA<\/span><span class=\"tech-specs-items-description__title-details\">1 SATA interface<\/span><\/li>\n<li><span class=\"tech-specs-items-description__title\">Capacity<\/span><span class=\"tech-specs-items-description__title-details\">Up to 6 TB capacity for each disk<\/span><\/li>\n<li><span class=\"tech-specs-items-description__title\">Alarm in\/out<\/span><span class=\"tech-specs-items-description__title-details\">N\/A<\/span><\/li>\n<li><span class=\"tech-specs-items-description__title\">USB interface<\/span><span class=\"tech-specs-items-description__title-details\">Rear panel: 2 \u00d7 USB 2.0<\/span><\/li>\n<\/ul>\n<ul>\n<li><span class=\"tech-specs-items-description__title--heading\"><strong>General<\/strong><\/span><\/li>\n<li><span class=\"tech-specs-items-description__title\">Power supply<\/span><span class=\"tech-specs-items-description__title-details\">12 VDC<\/span><\/li>\n<li><span class=\"tech-specs-items-description__title\">Working temperature<\/span><span class=\"tech-specs-items-description__title-details\">-10 \u00b0C to 55 \u00b0C (14 \u00b0F to 131 \u00b0F)<\/span><\/li>\n<li><span class=\"tech-specs-items-description__title\">Working humidity<\/span><span class=\"tech-specs-items-description__title-details\">10% to 90%<\/span><\/li>\n<li><span class=\"tech-specs-items-description__title\">Weights (without HDD)<\/span><span class=\"tech-specs-items-description__title-details\">\u2264 1 kg (2.2 lb)<\/span><\/li>\n<li><span class=\"tech-specs-items-description__title\">Consumption(without HDD)<\/span><span class=\"tech-specs-items-description__title-details\">\u2264 8 W<\/span><\/li>\n<li><span class=\"tech-specs-items-description__title\">Dimensions(W \u00d7 D \u00d7 H)<\/span><span class=\"tech-specs-items-description__title-details\">260 \u00d7 222 \u00d7 45 mm (10.2 \u00d7 8.7 \u00d7 1.8 inch)<\/span><\/li>\n<\/ul>\n","protected":false},"excerpt":{"rendered":"<p>\u10d9\u10dd\u10db\u10de\u10da\u10d4\u10e5\u10e2\u10d8 , 72 \u10db\u10d4\u10e2\u10e0\u10d8 \u10d9\u10d0\u10d1\u10d4\u10da\u10d8\u10d7 , 4 \u10d9\u10d0\u10db\u10d4\u10e0\u10d8\u10d7 , \u10e9\u10d0\u10db\u10ec\u10d4\u10e0\u10d8\u10d7 , \u10e7\u10d5\u10d4\u10da\u10d0 \u10e1\u10d0\u10ed\u10d8\u10e0\u10dd \u10d0\u10e5\u10e1\u10d4\u10e1\u10e3\u10d0\u10e0\u10d8\u10d7 , \u10e1\u10d0\u10ed\u10d8\u10e0\u10dd\u10d4\u10d1\u10e1 \u10db\u10ee\u10dd\u10da\u10dd\u10d3 \u10d5\u10d8\u10dc\u10e9\u10d4\u10e1\u10e2\u10d4\u10e0\u10e1 ( \u10e9\u10d0\u10dc\u10d0\u10ec\u10d4\u10e0\u10d8\u10e1 \u10e1\u10e3\u10e0\u10d5\u10d8\u10da\u10d8\u10e1 \u10db\u10d8\u10ee\u10d4\u10d3\u10d5\u10d8\u10d7 _)<\/p>\n","protected":false},"featured_media":14539,"comment_status":"open","ping_status":"closed","template":"","meta":[],"product_cat":[211],"product_tag":[],"class_list":{"0":"post-14555","1":"product","2":"type-product","3":"status-publish","4":"has-post-thumbnail","6":"product_cat-----en","8":"first","9":"instock","10":"shipping-taxable","11":"purchasable","12":"product-type-simple"},"_links":{"self":[{"href":"https:\/\/bigchoice.ge\/en\/wp-json\/wp\/v2\/product\/14555","targetHints":{"allow":["GET"]}}],"collection":[{"href":"https:\/\/bigchoice.ge\/en\/wp-json\/wp\/v2\/product"}],"about":[{"href":"https:\/\/bigchoice.ge\/en\/wp-json\/wp\/v2\/types\/product"}],"replies":[{"embeddable":true,"href":"https:\/\/bigchoice.ge\/en\/wp-json\/wp\/v2\/comments?post=14555"}],"version-history":[{"count":1,"href":"https:\/\/bigchoice.ge\/en\/wp-json\/wp\/v2\/product\/14555\/revisions"}],"predecessor-version":[{"id":14556,"href":"https:\/\/bigchoice.ge\/en\/wp-json\/wp\/v2\/product\/14555\/revisions\/14556"}],"wp:featuredmedia":[{"embeddable":true,"href":"https:\/\/bigchoice.ge\/en\/wp-json\/wp\/v2\/media\/14539"}],"wp:attachment":[{"href":"https:\/\/bigchoice.ge\/en\/wp-json\/wp\/v2\/media?parent=14555"}],"wp:term":[{"taxonomy":"product_cat","embeddable":true,"href":"https:\/\/bigchoice.ge\/en\/wp-json\/wp\/v2\/product_cat?post=14555"},{"taxonomy":"product_tag","embeddable":true,"href":"https:\/\/bigchoice.ge\/en\/wp-json\/wp\/v2\/product_tag?post=14555"}],"curies":[{"name":"wp","href":"https:\/\/api.w.org\/{rel}","templated":true}]}}