{"id":14526,"date":"2024-10-29T13:45:33","date_gmt":"2024-10-29T09:45:33","guid":{"rendered":"https:\/\/bigchoice.ge\/product\/ds-j1421-7108hqhi-k18cam\/"},"modified":"2024-10-29T13:48:27","modified_gmt":"2024-10-29T09:48:27","slug":"ds-j1421-7108hqhi-k18cam","status":"publish","type":"product","link":"https:\/\/bigchoice.ge\/en\/product\/ds-j1421-7108hqhi-k18cam\/","title":{"rendered":"DS-J1421\/7108HQHI-K1+8CAM"},"content":{"rendered":"<ul>\n<li><span class=\"tech-specs-items-description__title--heading\"><strong>Recording<\/strong><\/span><\/li>\n<li><span class=\"tech-specs-items-description__title\">Video compression<\/span><span class=\"tech-specs-items-description__title-details\">H.265 Pro+\/H.265 Pro\/H.265\/H.264+\/H.264<\/span><\/li>\n<li><span class=\"tech-specs-items-description__title\">Encoding resolution<\/span><span class=\"tech-specs-items-description__title-details\">When 1080p Lite mode is not enabled: ,4 MP lite\/3 MP\/1080p\/720p\/VGA\/WD1\/4CIF\/CIF;,When 1080p Lite mode is enabled: ,4 MP lite\/3 MP\/1080p lite\/720p lite\/VGA\/WD1\/4CIF\/CIF<\/span><\/li>\n<li><span class=\"tech-specs-items-description__title\">Frame rate<\/span><span class=\"tech-specs-items-description__title-details\">Main stream:,When 1080p Lite mode not enabled: ,For 4 MP stream access:,4 MP lite@15fps; 1080p lite\/720p\/WD1\/4CIF\/VGA\/CIF@25fps (P)\/30fps (N) ,For 3 MP stream access: 3 MP\/1080p\/720p\/VGA\/WD1\/4CIF\/CIF@15fps,For 1080p stream access: ,1080p\/720p@15fps; VGA\/WD1\/4CIF\/CIF@25fps (P)\/30fps (N),For 720p stream access: 720p\/VGA\/WD1\/4CIF\/CIF@25fps (P)\/30fps (N),When 1080p Lite mode enabled: ,4 MP lite\/3 MP@15fps; 1080p lite\/720p lite\/VGA\/WD1\/4CIF\/CIF@25fps (P)\/30fps (N),Sub-stream: ,WD1\/4CIF@12fps; CIF@25fps (P)\/30fps (N)<\/span><\/li>\n<li><span class=\"tech-specs-items-description__title\">Video bit rate<\/span><span class=\"tech-specs-items-description__title-details\">32 Kbps to 6 Mbps<\/span><\/li>\n<li><span class=\"tech-specs-items-description__title\">Dual stream<\/span><span class=\"tech-specs-items-description__title-details\">Support<\/span><\/li>\n<li><span class=\"tech-specs-items-description__title\">Stream type<\/span><span class=\"tech-specs-items-description__title-details\">Video, Video &amp; Audio<\/span><\/li>\n<li><span class=\"tech-specs-items-description__title\">Audio compression<\/span><span class=\"tech-specs-items-description__title-details\">G.711u<\/span><\/li>\n<li><span class=\"tech-specs-items-description__title\">Audio bit rate<\/span><span class=\"tech-specs-items-description__title-details\">64 Kbps<\/span><\/li>\n<\/ul>\n<ul>\n<li><span class=\"tech-specs-items-description__title--heading\"><strong>Video and Audio<\/strong><\/span><\/li>\n<li><span class=\"tech-specs-items-description__title\">IP video input<\/span><span class=\"tech-specs-items-description__title-details\">4-ch (up to 12-ch) Up to 6 MP resolution Support H.265+\/H.265\/H.264+\/H.264 IP cameras<\/span><\/li>\n<li><span class=\"tech-specs-items-description__title\">Analog video input<\/span><span class=\"tech-specs-items-description__title-details\">8-ch BNC interface (1.0 Vp-p, 75 \u03a9), supporting coaxitron connection<\/span><\/li>\n<li><span class=\"tech-specs-items-description__title\">AHD input<\/span><span class=\"tech-specs-items-description__title-details\">4 MP, 1080p25, 1080p30, 720p25, 720p30<\/span><\/li>\n<li><span class=\"tech-specs-items-description__title\">HDCVI input<\/span><span class=\"tech-specs-items-description__title-details\">1080p25, 1080p30, 720p25, 720p30<\/span><\/li>\n<li><span class=\"tech-specs-items-description__title\">CVBS input<\/span><span class=\"tech-specs-items-description__title-details\">Support<\/span><\/li>\n<li><span class=\"tech-specs-items-description__title\">Audio input<\/span><span class=\"tech-specs-items-description__title-details\">1-ch, RCA (2.0 Vp-p, 1 K\u03a9)<\/span><\/li>\n<li><span class=\"tech-specs-items-description__title\">Audio output<\/span><span class=\"tech-specs-items-description__title-details\">1-ch, RCA (Linear, 1 K\u03a9)<\/span><\/li>\n<li><span class=\"tech-specs-items-description__title\">Two-way audio<\/span><span class=\"tech-specs-items-description__title-details\">1-ch, RCA (2.0 Vp-p, 1 K\u03a9) (using the first audio input)<\/span><\/li>\n<li><span class=\"tech-specs-items-description__title\">Synchronous playback<\/span><span class=\"tech-specs-items-description__title-details\">8-ch<\/span><\/li>\n<li><span class=\"tech-specs-items-description__title\">HDTVI input<\/span><span class=\"tech-specs-items-description__title-details\">4 MP, 3 MP, 1080p25, 1080p30, 720p25, 720p30, 720p50, 720p60,*: The 3 MP signal input is only available for channel 1 of DS-7104HQHI-K1, channel 1\/2 of DS-7108HQHI-K1, and channel 1\/2\/3\/4 of DS-7116HQHI-K1.<\/span><\/li>\n<li><span class=\"tech-specs-items-description__title\">VGA\/HDMI output<\/span><span class=\"tech-specs-items-description__title-details\">1-ch, 1920 \u00d7 1080\/60Hz, 1280 \u00d7 1024\/60Hz, 1280 \u00d7 720\/60Hz, 1024 \u00d7 768\/60Hz<\/span><\/li>\n<\/ul>\n<ul>\n<li><span class=\"tech-specs-items-description__title--heading\"><strong>Network<\/strong><\/span><\/li>\n<li><span class=\"tech-specs-items-description__title\">Remote connections<\/span><span class=\"tech-specs-items-description__title-details\">64<\/span><\/li>\n<li><span class=\"tech-specs-items-description__title\">Network protocols<\/span><span class=\"tech-specs-items-description__title-details\">TCP\/IP, PPPoE, DHCP, Hik-Connect, DNS, DDNS, NTP, SADP, NFS, iSCSI, UPnP\u2122, HTTPS, ONVIF<\/span><\/li>\n<li><span class=\"tech-specs-items-description__title\">Network interface<\/span><span class=\"tech-specs-items-description__title-details\">1, RJ45 10M\/101M self-adaptive Ethernet interface<\/span><\/li>\n<\/ul>\n<ul>\n<li><span class=\"tech-specs-items-description__title--heading\"><strong>Auxiliary interface<\/strong><\/span><\/li>\n<li><span class=\"tech-specs-items-description__title\">SATA<\/span><span class=\"tech-specs-items-description__title-details\">1 SATA interface<\/span><\/li>\n<li><span class=\"tech-specs-items-description__title\">Capacity<\/span><span class=\"tech-specs-items-description__title-details\">Up to 6 TB capacity for each disk<\/span><\/li>\n<li><span class=\"tech-specs-items-description__title\">Alarm in\/out<\/span><span class=\"tech-specs-items-description__title-details\">N\/A<\/span><\/li>\n<li><span class=\"tech-specs-items-description__title\">USB interface<\/span><span class=\"tech-specs-items-description__title-details\">Real panel: 2 \u00d7 USB 2.0<\/span><\/li>\n<\/ul>\n<ul>\n<li><span class=\"tech-specs-items-description__title--heading\"><strong>General<\/strong><\/span><\/li>\n<li><span class=\"tech-specs-items-description__title\">Power supply<\/span><span class=\"tech-specs-items-description__title-details\">12 VDC<\/span><\/li>\n<li><span class=\"tech-specs-items-description__title\">Consumption (without HDD)<\/span><span class=\"tech-specs-items-description__title-details\">\u2264 12 W<\/span><\/li>\n<li><span class=\"tech-specs-items-description__title\">Working temperature<\/span><span class=\"tech-specs-items-description__title-details\">-10 \u00b0C to +55 \u00b0C (+14 \u00b0F to +131 \u00b0F)<\/span><\/li>\n<li><span class=\"tech-specs-items-description__title\">Working humidity<\/span><span class=\"tech-specs-items-description__title-details\">10% to 90%<\/span><\/li>\n<li><span class=\"tech-specs-items-description__title\">Dimensions (W \u00d7 D \u00d7 H)<\/span><span class=\"tech-specs-items-description__title-details\">200 \u00d7 200 \u00d7 45 mm (7.9 \u00d7 7.9 \u00d7 1.8 inch)<\/span><\/li>\n<li><span class=\"tech-specs-items-description__title\">Weights (without HDD)<\/span><span class=\"tech-specs-items-description__title-details\">\u2264 1 kg (2.2 lb)<\/span><\/li>\n<\/ul>\n","protected":false},"excerpt":{"rendered":"<p>Set includes 8 cameras, 8-channel DVR recorder, 144 m cable, all necessary accessories, only requires Winchester<\/p>\n","protected":false},"featured_media":14525,"comment_status":"open","ping_status":"closed","template":"","meta":[],"product_cat":[81],"product_tag":[],"class_list":{"0":"post-14526","1":"product","2":"type-product","3":"status-publish","4":"has-post-thumbnail","6":"product_cat-domofonebi","8":"first","9":"instock","10":"shipping-taxable","11":"purchasable","12":"product-type-simple"},"_links":{"self":[{"href":"https:\/\/bigchoice.ge\/en\/wp-json\/wp\/v2\/product\/14526","targetHints":{"allow":["GET"]}}],"collection":[{"href":"https:\/\/bigchoice.ge\/en\/wp-json\/wp\/v2\/product"}],"about":[{"href":"https:\/\/bigchoice.ge\/en\/wp-json\/wp\/v2\/types\/product"}],"replies":[{"embeddable":true,"href":"https:\/\/bigchoice.ge\/en\/wp-json\/wp\/v2\/comments?post=14526"}],"version-history":[{"count":2,"href":"https:\/\/bigchoice.ge\/en\/wp-json\/wp\/v2\/product\/14526\/revisions"}],"predecessor-version":[{"id":14529,"href":"https:\/\/bigchoice.ge\/en\/wp-json\/wp\/v2\/product\/14526\/revisions\/14529"}],"wp:featuredmedia":[{"embeddable":true,"href":"https:\/\/bigchoice.ge\/en\/wp-json\/wp\/v2\/media\/14525"}],"wp:attachment":[{"href":"https:\/\/bigchoice.ge\/en\/wp-json\/wp\/v2\/media?parent=14526"}],"wp:term":[{"taxonomy":"product_cat","embeddable":true,"href":"https:\/\/bigchoice.ge\/en\/wp-json\/wp\/v2\/product_cat?post=14526"},{"taxonomy":"product_tag","embeddable":true,"href":"https:\/\/bigchoice.ge\/en\/wp-json\/wp\/v2\/product_tag?post=14526"}],"curies":[{"name":"wp","href":"https:\/\/api.w.org\/{rel}","templated":true}]}}