{"id":14517,"date":"2024-10-29T13:40:44","date_gmt":"2024-10-29T09:40:44","guid":{"rendered":"https:\/\/bigchoice.ge\/product\/%e1%83%99%e1%83%90%e1%83%9b%e1%83%94%e1%83%a0%e1%83%90iphikvisionds-2cd1057g0-lufc2-8mm5mpbulletwl30mcolorvumicro-sdmic\/"},"modified":"2024-10-29T13:42:10","modified_gmt":"2024-10-29T09:42:10","slug":"%e1%83%99%e1%83%90%e1%83%9b%e1%83%94%e1%83%a0%e1%83%90iphikvisionds-2cd1057g0-lufc2-8mm5mpbulletwl30mcolorvumicro-sdmic","status":"publish","type":"product","link":"https:\/\/bigchoice.ge\/en\/product\/%e1%83%99%e1%83%90%e1%83%9b%e1%83%94%e1%83%a0%e1%83%90iphikvisionds-2cd1057g0-lufc2-8mm5mpbulletwl30mcolorvumicro-sdmic\/","title":{"rendered":"Camera,IP,Hikvision,DS-2CD1057G0-LUF(C),2.8mm,5mp,Bullet,WL30m,ColorVu,Micro SD,Mic"},"content":{"rendered":"<p><strong>Camera<\/strong><\/p>\n<ul>\n<li><span class=\"tech-specs-items-description__title\">Image Sensor<\/span><span class=\"tech-specs-items-description__title-details\">1\/2.7&#8243; Progressive Scan CMOS<\/span><\/li>\n<li><span class=\"tech-specs-items-description__title\">Max. Resolution<\/span><span class=\"tech-specs-items-description__title-details\">2560 \u00d7 1920<\/span><\/li>\n<li><span class=\"tech-specs-items-description__title\">Min. Illumination<\/span><span class=\"tech-specs-items-description__title-details\">Color: 0.001 Lux @ (F1.0, AGC ON),0 Lux with light<\/span><\/li>\n<li><span class=\"tech-specs-items-description__title\">Shutter Time<\/span><span class=\"tech-specs-items-description__title-details\">1\/3 s to 1\/100,000 s<\/span><\/li>\n<li><span class=\"tech-specs-items-description__title\">Day &amp; Night<\/span><span class=\"tech-specs-items-description__title-details\">24\/7 color imaging<\/span><\/li>\n<li><span class=\"tech-specs-items-description__title\">Angle Adjustment<\/span><span class=\"tech-specs-items-description__title-details\">Pan: 0\u00b0 to 360\u00b0,tilt: 0\u00b0 to 90\u00b0,rotate: 0\u00b0 to 360\u00b0<\/span><\/li>\n<\/ul>\n<p><strong>Lens<\/strong><\/p>\n<ul>\n<li><span class=\"tech-specs-items-description__title\">Lens Type<\/span><span class=\"tech-specs-items-description__title-details\">Fixed focal lens, 2.8 and 4 mm optional<\/span><\/li>\n<li><span class=\"tech-specs-items-description__title\">Focal Length &amp; FOV<\/span>2.8 mm, horizontal FOV 95\u00b0, vertical FOV 70\u00b0, diagonal FOV 125\u00b0\n<p>4 mm, horizontal FOV 76\u00b0, vertical FOV 57\u00b0, diagonal FOV 98\u00b0<\/li>\n<li><span class=\"tech-specs-items-description__title\">Lens Mount<\/span><span class=\"tech-specs-items-description__title-details\">M12<\/span><\/li>\n<li><span class=\"tech-specs-items-description__title\">Iris Type<\/span><span class=\"tech-specs-items-description__title-details\">Fixed<\/span><\/li>\n<li><span class=\"tech-specs-items-description__title\">Aperture<\/span><span class=\"tech-specs-items-description__title-details\">F1.0<\/span><\/li>\n<li><span class=\"tech-specs-items-description__title\">Depth Of Field<\/span>2.8 mm: 2 m to \u221e\n<p>4 mm: 2.7 m to \u221e<\/li>\n<\/ul>\n<p><strong>DORI<\/strong><\/p>\n<ul>\n<li><span class=\"tech-specs-items-description__title\">DORI<\/span>2.8 mm, D: 64 m, O: 25 m, R: 12 m, I: 6 m\n<p>4 mm, D: 82 m, O: 32 m, R: 16 m, I: 8 m<\/li>\n<\/ul>\n<p><strong>Illuminator<\/strong><\/p>\n<ul>\n<li><span class=\"tech-specs-items-description__title\">Supplement Light Type<\/span><span class=\"tech-specs-items-description__title-details\">White Light<\/span><\/li>\n<li><span class=\"tech-specs-items-description__title\">Supplement Light Range<\/span><span class=\"tech-specs-items-description__title-details\">Up to 30 m<\/span><\/li>\n<li><span class=\"tech-specs-items-description__title\">Smart Supplement Light<\/span><span class=\"tech-specs-items-description__title-details\">Yes<\/span><\/li>\n<\/ul>\n<p><strong>Video<\/strong><\/p>\n<ul>\n<li><span class=\"tech-specs-items-description__title\">Main Stream<\/span>50 Hz:\n<p>20 fps (2560 x 1920)<\/p>\n<p>25 fps (2560 \u00d7 1440, 1920 \u00d7 1080, 1280 \u00d7 720)<\/p>\n<p>60 Hz:<\/p>\n<p>20 fps (2560 x 1920)<\/p>\n<p>30 fps (2560 \u00d7 1440, 1920 \u00d7 1080, 1280 \u00d7 720)<\/li>\n<li><span class=\"tech-specs-items-description__title\">Sub-Stream<\/span>50 Hz: 25 fps (1280 \u00d7 720, 640 \u00d7 480, 640 \u00d7 360)\n<p>60 Hz: 30 fps (1280 \u00d7 720, 640 \u00d7 480, 640 \u00d7 360)<\/li>\n<li><span class=\"tech-specs-items-description__title\">Video Compression<\/span>Main stream: H.265+\/H.265\/H.264+\/H.264,\n<p>Sub-stream: H.265\/H.264\/MJPEG<\/li>\n<li><span class=\"tech-specs-items-description__title\">Video Bit Rate<\/span><span class=\"tech-specs-items-description__title-details\">32 Kbps to 16 Mbps<\/span><\/li>\n<li><span class=\"tech-specs-items-description__title\">H.264 Type<\/span><span class=\"tech-specs-items-description__title-details\">Baseline Profile,Main Profile,High Profile<\/span><\/li>\n<li><span class=\"tech-specs-items-description__title\">H.265 Type<\/span><span class=\"tech-specs-items-description__title-details\">Main Profile<\/span><\/li>\n<li><span class=\"tech-specs-items-description__title\">Bit Rate Control<\/span><span class=\"tech-specs-items-description__title-details\">CBR<\/span><\/li>\n<li><span class=\"tech-specs-items-description__title\">Region Of Interest (ROI)<\/span><span class=\"tech-specs-items-description__title-details\">1 fixed region(s) for main stream<\/span><\/li>\n<\/ul>\n<p><strong>Audio<\/strong><\/p>\n<ul>\n<li><span class=\"tech-specs-items-description__title\">Audio Type<\/span><span class=\"tech-specs-items-description__title-details\">-U: Mono sound<\/span><\/li>\n<li><span class=\"tech-specs-items-description__title\">Environment Noise Filtering<\/span><span class=\"tech-specs-items-description__title-details\">-U: Yes<\/span><\/li>\n<li><span class=\"tech-specs-items-description__title\">Audio Sampling Rate<\/span><span class=\"tech-specs-items-description__title-details\">-U: 8 kHz\/16 kHz<\/span><\/li>\n<li><span class=\"tech-specs-items-description__title\">Audio Compression<\/span><span class=\"tech-specs-items-description__title-details\">-U: G.711ulaw\/G.711alaw\/G.722.1\/G.726\/MP2L2\/PCM\/AAC-LC<\/span><\/li>\n<li><span class=\"tech-specs-items-description__title\">Audio Bit Rate<\/span><span class=\"tech-specs-items-description__title-details\">-U: 64 Kbps (G.711 ulaw)\/64 Kbps (G.711 alaw)\/16 Kbps (G.722.1)\/16 Kbps (G.726)\/32 to 160 Kbps (MP2L2)\/16 to 64 Kbps (AAC-LC)<\/span><\/li>\n<\/ul>\n<p><strong>Network<\/strong><\/p>\n<ul>\n<li><span class=\"tech-specs-items-description__title\">Protocols<\/span><span class=\"tech-specs-items-description__title-details\">TCP\/IP, ICMP, DHCP, DNS, DDNS, HTTP, HTTPS, RTP, RTSP, NTP, UPnP, IGMP, IPv6, UDP, QoS, Bonjour,FTP,802.1x,SMTP<\/span><\/li>\n<li><span class=\"tech-specs-items-description__title\">Simultaneous Live View<\/span><span class=\"tech-specs-items-description__title-details\">Up to 6 channels<\/span><\/li>\n<li><span class=\"tech-specs-items-description__title\">API<\/span><span class=\"tech-specs-items-description__title-details\">Open Network Video Interface (Profile S, Profile G ((only -U model supports)),ISAPI,SDK<\/span><\/li>\n<li><span class=\"tech-specs-items-description__title\">User\/Host<\/span>Up to 32 users\n<p>3 user levels: administrator, operator, and user<\/li>\n<li><span class=\"tech-specs-items-description__title\">Security<\/span><span class=\"tech-specs-items-description__title-details\">Password protection, complicated password, HTTPS encryption, 802.1X authentication (EAP-MD5), watermark, IP address filter, basic and digest authentication for HTTP\/HTTPS, WSSE and digest authentication for Open Network Video Interface, RTP\/RTSP over HTTPS,security audit log, TLS 1.2, host authentication (MAC address)<\/span><\/li>\n<li><span class=\"tech-specs-items-description__title\">Client<\/span><span class=\"tech-specs-items-description__title-details\">iVMS-4200,Hik-Connect<\/span><\/li>\n<li><span class=\"tech-specs-items-description__title\">Web Browser<\/span>Plug-in required live view: IE 10, IE 11,\n<p>Local service: Chrome 57.0+, Firefox 52.0+<\/li>\n<\/ul>\n<p><strong>Image<\/strong><\/p>\n<ul>\n<li><span class=\"tech-specs-items-description__title\">Wide Dynamic Range (WDR)<\/span><span class=\"tech-specs-items-description__title-details\">120 dB<\/span><\/li>\n<li><span class=\"tech-specs-items-description__title\">SNR<\/span><span class=\"tech-specs-items-description__title-details\">\u2265 52 dB<\/span><\/li>\n<li><span class=\"tech-specs-items-description__title\">Day\/Night Switch<\/span><span class=\"tech-specs-items-description__title-details\">Day,Night,Auto,Schedule<\/span><\/li>\n<li><span class=\"tech-specs-items-description__title\">Image Enhancement<\/span><span class=\"tech-specs-items-description__title-details\">BLC,HLC,3D DNR<\/span><\/li>\n<li><span class=\"tech-specs-items-description__title\">Image Settings<\/span><span class=\"tech-specs-items-description__title-details\">Rotate mode,saturation,brightness,contrast,sharpness,gain,white balance,adjustable by client software or web browser<\/span><\/li>\n<li><span class=\"tech-specs-items-description__title\">Privacy Mask<\/span><span class=\"tech-specs-items-description__title-details\">4 programmable polygon privacy masks<\/span><\/li>\n<\/ul>\n<p><strong>Interface<\/strong><\/p>\n<ul>\n<li><span class=\"tech-specs-items-description__title\">Ethernet Interface<\/span><span class=\"tech-specs-items-description__title-details\">1 RJ45 10 M\/100 M self-adaptive Ethernet port<\/span><\/li>\n<li><span class=\"tech-specs-items-description__title\">On-Board Storage<\/span><span class=\"tech-specs-items-description__title-details\">-F: Built-in memory card slot, support MicroSD\/SDHC\/SDXC card, up to 256 GB<\/span><\/li>\n<li><span class=\"tech-specs-items-description__title\">Built-In Microphone<\/span><span class=\"tech-specs-items-description__title-details\">-U: Yes<\/span><\/li>\n<li><span class=\"tech-specs-items-description__title\">Reset Key<\/span><span class=\"tech-specs-items-description__title-details\">-F: Yes<\/span><\/li>\n<\/ul>\n<p><strong>Event<\/strong><\/p>\n<ul>\n<li><span class=\"tech-specs-items-description__title\">Basic Event<\/span><span class=\"tech-specs-items-description__title-details\">Motion detection,video tampering alarm,exception<\/span><\/li>\n<li><span class=\"tech-specs-items-description__title\">Linkage<\/span><span class=\"tech-specs-items-description__title-details\">Upload to FTP\/memory card (-F), notify surveillance center, send email, trigger recording (-F), trigger capture<\/span><\/li>\n<\/ul>\n<p><strong>General<\/strong><\/p>\n<ul>\n<li><span class=\"tech-specs-items-description__title\">Power<\/span>12 VDC \u00b1 25%, 0.4 A, max. 5 W,\u00d85.5 mm coaxial power plug,\n<p>PoE: 802.3af, Class 3, 36 V to 57 V, 0.2 A to 0.15 A, max. 6.5 W<\/li>\n<li><span class=\"tech-specs-items-description__title\">Material<\/span><span class=\"tech-specs-items-description__title-details\">Aluminum alloy body<\/span><\/li>\n<li><span class=\"tech-specs-items-description__title\">Dimension<\/span>\u00d876.6 mm \u00d7 164.4 mm (\u00d83 \u00d7 6.5\\&#8221;)&#8221;<\/li>\n<li><span class=\"tech-specs-items-description__title\">Package Dimension<\/span><span class=\"tech-specs-items-description__title-details\">234 mm \u00d7 120 mm \u00d7 117 mm (9.2&#8243; \u00d7 4.7&#8243; \u00d7 4.6&#8243;)<\/span><\/li>\n<li><span class=\"tech-specs-items-description__title\">Weight<\/span><span class=\"tech-specs-items-description__title-details\">Approx. 430 g (0.95 lb.)<\/span><\/li>\n<li><span class=\"tech-specs-items-description__title\">With Package Weight<\/span><span class=\"tech-specs-items-description__title-details\">Approx. 648 g (1.42 lb.)<\/span><\/li>\n<li><span class=\"tech-specs-items-description__title\">Storage Conditions<\/span><span class=\"tech-specs-items-description__title-details\">-30 \u00b0C to 60 \u00b0C (-22 \u00b0F to 140 \u00b0F). Humidity 95% or less (non-condensing)<\/span><\/li>\n<li><span class=\"tech-specs-items-description__title\">Startup And Operating Conditions<\/span><span class=\"tech-specs-items-description__title-details\">-30 \u00b0C to 60 \u00b0C (-22 \u00b0F to 140 \u00b0F). Humidity 95% or less (non-condensing)<\/span><\/li>\n<li><span class=\"tech-specs-items-description__title\">Language<\/span><span class=\"tech-specs-items-description__title-details\">English, Ukranian<\/span><\/li>\n<li><span class=\"tech-specs-items-description__title\">General Function<\/span><span class=\"tech-specs-items-description__title-details\">Heartbeat,anti-flicker,mirror,password protection,password reset via email<\/span><\/li>\n<\/ul>\n<p><strong>Approval<\/strong><\/p>\n<ul>\n<li><span class=\"tech-specs-items-description__title\">EMC<\/span>FCC: 47 CFR Part 15, Subpart B,\n<p>CE-EMC: EN 55032: 2015, EN 61000-3-2:2019, EN 61000-3-3: 2013+A1:2019, EN 50130-4: 2011 +A1: 2014,<\/p>\n<p>RCM: AS\/NZS CISPR 32: 2015,<\/p>\n<p>KC: KN32: 2015, KN35: 2015<\/li>\n<li><span class=\"tech-specs-items-description__title\">Safety<\/span>UL: UL 62368-1,\n<p>CB: IEC 62368-1: 2014+A11,<\/p>\n<p>CE-LVD: EN 62368-1: 2014\/A11: 2017,<\/p>\n<p>BIS: IS 13252 (Part 1): 2010\/IEC 60950-1: 2005<\/li>\n<li><span class=\"tech-specs-items-description__title\">Environment<\/span>CE-RoHS: 2011\/65\/EU,\n<p>WEEE: 2012\/19\/EU,<\/p>\n<p>Reach: Regulation (EC) No 1907\/2006<\/li>\n<li><span class=\"tech-specs-items-description__title\">Protection<\/span><span class=\"tech-specs-items-description__title-details\">IP67: IEC 60529-2013<\/span><\/li>\n<\/ul>\n","protected":false},"excerpt":{"rendered":"<p>Camera Image Sensor1\/2.7&#8243; Progressive Scan CMOS Max. Resolution2560 \u00d7 1920 Min. IlluminationColor: 0.001 Lux @ (F1.0, AGC ON),0 Lux with<\/p>\n","protected":false},"featured_media":14504,"comment_status":"open","ping_status":"closed","template":"","meta":[],"product_cat":[214,143,152],"product_tag":[],"class_list":{"0":"post-14517","1":"product","2":"type-product","3":"status-publish","4":"has-post-thumbnail","6":"product_cat-video-metvalyureobis-sistemebi-en","7":"product_cat-cctv-cameras","8":"product_cat-ip-kamerebi-en","9":"pa_brand-hikvision-en","11":"first","12":"instock","13":"shipping-taxable","14":"purchasable","15":"product-type-simple"},"_links":{"self":[{"href":"https:\/\/bigchoice.ge\/en\/wp-json\/wp\/v2\/product\/14517","targetHints":{"allow":["GET"]}}],"collection":[{"href":"https:\/\/bigchoice.ge\/en\/wp-json\/wp\/v2\/product"}],"about":[{"href":"https:\/\/bigchoice.ge\/en\/wp-json\/wp\/v2\/types\/product"}],"replies":[{"embeddable":true,"href":"https:\/\/bigchoice.ge\/en\/wp-json\/wp\/v2\/comments?post=14517"}],"version-history":[{"count":1,"href":"https:\/\/bigchoice.ge\/en\/wp-json\/wp\/v2\/product\/14517\/revisions"}],"predecessor-version":[{"id":14521,"href":"https:\/\/bigchoice.ge\/en\/wp-json\/wp\/v2\/product\/14517\/revisions\/14521"}],"wp:featuredmedia":[{"embeddable":true,"href":"https:\/\/bigchoice.ge\/en\/wp-json\/wp\/v2\/media\/14504"}],"wp:attachment":[{"href":"https:\/\/bigchoice.ge\/en\/wp-json\/wp\/v2\/media?parent=14517"}],"wp:term":[{"taxonomy":"product_cat","embeddable":true,"href":"https:\/\/bigchoice.ge\/en\/wp-json\/wp\/v2\/product_cat?post=14517"},{"taxonomy":"product_tag","embeddable":true,"href":"https:\/\/bigchoice.ge\/en\/wp-json\/wp\/v2\/product_tag?post=14517"}],"curies":[{"name":"wp","href":"https:\/\/api.w.org\/{rel}","templated":true}]}}