{"id":14499,"date":"2024-10-29T13:36:02","date_gmt":"2024-10-29T09:36:02","guid":{"rendered":"https:\/\/bigchoice.ge\/product\/%e1%83%99%e1%83%90%e1%83%9b%e1%83%94%e1%83%a0%e1%83%90iphikvisionds-2cd1743g0-izc2-8-12mm4mpdomeir30mmvflmicro-sd\/"},"modified":"2025-06-06T18:42:59","modified_gmt":"2025-06-06T14:42:59","slug":"%e1%83%99%e1%83%90%e1%83%9b%e1%83%94%e1%83%a0%e1%83%90iphikvisionds-2cd1743g0-izc2-8-12mm4mpdomeir30mmvflmicro-sd","status":"publish","type":"product","link":"https:\/\/bigchoice.ge\/en\/product\/%e1%83%99%e1%83%90%e1%83%9b%e1%83%94%e1%83%a0%e1%83%90iphikvisionds-2cd1743g0-izc2-8-12mm4mpdomeir30mmvflmicro-sd\/","title":{"rendered":"Camera,IP,Hikvision,DS-2CD1743G0-IZ(C),2.8-12mm,4mp,Dome,IR30m,MVFL,Micro SD"},"content":{"rendered":"<p>camera<\/p>\n<p>Image sensor 1\/3&#8243; progressive scan CMOS<br \/>\nMax. Resolution 2560 \u00d7 1440<br \/>\nMin. Lighting<br \/>\nColor: 0.005 lux @(F1.6, AGC ON), B\/W: 0 lux IR<\/p>\n<p>Shutter speed from 1\/3s to 1\/100000s<br \/>\nWide dynamic range of 120 dB<br \/>\nDay and night IR cut filter<br \/>\nAngle adjustment panel: 0\u00b0 to 355\u00b0, tilt: 0\u00b0 to 70\u00b0, rotation: 0\u00b0 to 355\u00b0<br \/>\nlens<\/p>\n<p>Lens type Varifocal lens, motorized lens, 2.8 to 12 mm<br \/>\nFocal Length and FOV 2.8 to 12mm: Horizontal FOV 102\u00b0 to 31\u00b0, Vertical FOV 54\u00b0 to 17\u00b0, Diagonal FOV 123\u00b0 to 35\u00b0<br \/>\nLens mount \u00d814<br \/>\nIris TypeFixed<br \/>\nAperture F1.6<br \/>\nPorthole<\/p>\n<p>IR wavelength 850 nm<br \/>\nIR range up to 30 m<br \/>\nVideo<\/p>\n<p>the main stream<br \/>\n50 Hz: 20 fps (2560 \u00d7 1440)<\/p>\n<p>25 fps (1920 \u00d7 1080, 1280 \u00d7 720)<\/p>\n<p>60 Hz: 20 fps (2560 \u00d7 1440)<\/p>\n<p>30 fps (1920 \u00d7 1080, 1280 \u00d7 720)<\/p>\n<p>sub-stream<br \/>\n50 Hz: 25 fps (1280 \u00d7 720, 640 \u00d7 480, 640 \u00d7 360)<\/p>\n<p>60 Hz: 30 fps (1280 \u00d7 720, 640 \u00d7 480, 640 \u00d7 360)<\/p>\n<p>Video compression<br \/>\nMain stream: H.265+\/H.265\/H.264+\/H.264<\/p>\n<p>Sub stream: H.265\/H.264\/MJPEG<\/p>\n<p>Video bit rate from 32 Kbps to 8 Mbps<br \/>\nH.264 TypeBaseline Profile\/Main Profile\/High Profile<br \/>\nH.265 TypeMain profile<br \/>\nregion of interest (ROI)<br \/>\n1 fixed region for the main stream<\/p>\n<p>Audio<\/p>\n<p>Audio Compression-S: G.711ulaw\/G.711alaw\/G.722.1\/G.726\/MP2L2\/PCM\/AAC<br \/>\nAudio Bit Rate-S: 64 Kbps (G.711)\/16 Kbps (G.722.1)\/16 Kbps (G.726)\/32 to 160 Kbps (MP2L2)\/16 to 64 Kbps (AAC) )<br \/>\nAudio sampling frequency-S: 8 kHz\/16 kHz<br \/>\nAmbient Noise Filtering-S: Yes<br \/>\nnetwork<\/p>\n<p>ProtocolsTCP\/IP, ICMP, HTTP, HTTPS, FTP, DHCP, DNS, DDNS, RTP, RTSP, RTCP, NTP, UPnP\u2122, SMTP, IGMP, 802.1X, QoS, IPv6, Bonjour, IPv4, UDP, SSL\/TLS<br \/>\nSimultaneous Live View<br \/>\nUp to 6 channels<\/p>\n<p>APIO Open Network Video Interface, ISAPI<br \/>\nUser\/HostUp 32 users. 3 levels: administrator, operator and user<br \/>\nNetwork storage MicroSD\/SDHC\/SDXC card (256 GB) Local memory<br \/>\nClientiVMS-4200, Hik-Connect<br \/>\nweb browser<br \/>\nPlugin Live View Required: IE 10+<\/p>\n<p>Free live plugin preview: Chrome 57.0+, Firefox 52.0+<\/p>\n<p>Local service: Chrome 57.0+, Firefox 52.0+<\/p>\n<p>Image<\/p>\n<p>Image settings Saturation, Brightness, Contrast, Sharpness, AGC, White Balance adjustable by client software or web browser<br \/>\nDay\/Night Switching Auto, Schedule, Day, Night<br \/>\nImage enhancement BLC, 3D DNR<br \/>\ninterface<br \/>\nEthernet interface1 RJ45 10 M\/100 M self-adaptive Ethernet port<br \/>\nOnboard Storage Built-in memory card slot, microSD card support, up to 256 GB<br \/>\nAudio<br \/>\n-S:<\/p>\n<p>1 input (in-line), two-core terminal block, max. Input Amplitude: 3.3 Vpp, Input Impedance: 4.7 K\u03a9, Interface Type: Unbalanced<\/p>\n<p>1 output (line output), two-core terminal block, max. Output Amplitude: 3.3 Vpp, Output Impedance: 100 \u03a9, Interface Type: Unbalanced<\/p>\n<p>alarm<br \/>\n-S: 1 input, 1 output, max. 12 VDC, 30 mA<\/p>\n<p>Key Reset Yes<br \/>\nevent<\/p>\n<p>Basic EventMotion detection, video interrupt alarm, exception<br \/>\nLinkageUpload to FTP, Notify Monitoring Center, Send Email, Upload to Memory Card, Enable Recording, Trigger<br \/>\nGeneral<\/p>\n<p>power<br \/>\n12 VDC \u00b1 25%, 0.8 A, max. 10 W, \u00d85.5 mm coaxial power plug<\/p>\n<p>PoE: 802.3af, class 3, 36 V to 57 V, 0.32 A to 0.2 A, max. 11.5 W<\/p>\n<p>Camera material metal<br \/>\nCamera Size \u00d8141mm \u00d7 99.9mm (\u00d85.6&#8243; \u00d7 3.9&#8243;)<br \/>\nPackage size 140 mm \u00d7 140 mm \u00d7 154 mm (5.5&#8243; \u00d7 5.5&#8243; \u00d7 6.1&#8243;)<br \/>\nCamera weight approx. 820 g (1.8 lb)<br \/>\nThe package weighs approx. 1200 g (2.6 lb)<br \/>\nStorage conditions -30 \u00b0C to 60 \u00b0C (22 \u00b0F to +140 \u00b0F). Humidity 95% or less (non-condensing)<br \/>\nStart-up and operating conditions -30 \u00b0C to 60 \u00b0C (22 \u00b0F to +140 \u00b0F). Humidity 95% or less (non-condensing)<br \/>\nlanguage<br \/>\nEnglish, Ukrainian<\/p>\n<p>General Function Anti-Flicker, Heart Rate, Mirror, Password Protection, Privacy Mask, Watermark, IP Address Filter<br \/>\napproval<\/p>\n<p>EMC<br \/>\nFCC SDoC (47 CFR Part 15, Subpart B);<\/p>\n<p>CE-EMC (EN 55032: 2015, EN 61000-3-2: 2014, EN 61000-3-3: 2013, EN 50130-4: 2011 +A1: 2014);<\/p>\n<p>RCM (AS\/NZS CISPR 32: 2015);<\/p>\n<p>IC VoC (ICES-003: Issue 6, 2016);<\/p>\n<p>KC (KN 32: 2015, KN 35: 2015)<\/p>\n<p>security<br \/>\nUL (UL 60950-1);<\/p>\n<p>CB (IEC 60950-1:2005 + Am 1:2009 + Am 2:2013, IEC 62368-1:2014);<\/p>\n<p>CE-LVD (EN 60950-1:2005 + Am 1:2009 + Am 2:2013, IEC 62368-1:2014);<\/p>\n<p>BIS (IS 13252 (Part 1):2010+A1:2013+A2:2015)<\/p>\n<p>the environment<br \/>\nCE-RoHS (2011\/65\/EU);<\/p>\n<p>WEEE (2012\/19\/EU);<\/p>\n<p>Reach (Regulation (EC) No 1907\/2006)<\/p>\n<p>Electrical safety protection IP67 (IEC 60529-2013), IK10 (IEC 62262:2002)<\/p>\n","protected":false},"excerpt":{"rendered":"<p>camera Image sensor 1\/3&#8243; progressive scan CMOS Max. Resolution 2560 \u00d7 1440 Min. Lighting Color: 0.005 lux @(F1.6, AGC ON),<\/p>\n","protected":false},"featured_media":14493,"comment_status":"open","ping_status":"closed","template":"","meta":[],"product_cat":[214,143,152],"product_tag":[],"class_list":{"0":"post-14499","1":"product","2":"type-product","3":"status-publish","4":"has-post-thumbnail","6":"product_cat-video-metvalyureobis-sistemebi-en","7":"product_cat-cctv-cameras","8":"product_cat-ip-kamerebi-en","9":"pa_brand-hikvision-en","11":"first","12":"instock","13":"shipping-taxable","14":"purchasable","15":"product-type-simple"},"_links":{"self":[{"href":"https:\/\/bigchoice.ge\/en\/wp-json\/wp\/v2\/product\/14499","targetHints":{"allow":["GET"]}}],"collection":[{"href":"https:\/\/bigchoice.ge\/en\/wp-json\/wp\/v2\/product"}],"about":[{"href":"https:\/\/bigchoice.ge\/en\/wp-json\/wp\/v2\/types\/product"}],"replies":[{"embeddable":true,"href":"https:\/\/bigchoice.ge\/en\/wp-json\/wp\/v2\/comments?post=14499"}],"version-history":[{"count":1,"href":"https:\/\/bigchoice.ge\/en\/wp-json\/wp\/v2\/product\/14499\/revisions"}],"predecessor-version":[{"id":14501,"href":"https:\/\/bigchoice.ge\/en\/wp-json\/wp\/v2\/product\/14499\/revisions\/14501"}],"wp:featuredmedia":[{"embeddable":true,"href":"https:\/\/bigchoice.ge\/en\/wp-json\/wp\/v2\/media\/14493"}],"wp:attachment":[{"href":"https:\/\/bigchoice.ge\/en\/wp-json\/wp\/v2\/media?parent=14499"}],"wp:term":[{"taxonomy":"product_cat","embeddable":true,"href":"https:\/\/bigchoice.ge\/en\/wp-json\/wp\/v2\/product_cat?post=14499"},{"taxonomy":"product_tag","embeddable":true,"href":"https:\/\/bigchoice.ge\/en\/wp-json\/wp\/v2\/product_tag?post=14499"}],"curies":[{"name":"wp","href":"https:\/\/api.w.org\/{rel}","templated":true}]}}