{"id":14468,"date":"2024-10-29T13:18:21","date_gmt":"2024-10-29T09:18:21","guid":{"rendered":"https:\/\/bigchoice.ge\/product\/%e1%83%a9%e1%83%90%e1%83%9b%e1%83%ac%e1%83%94%e1%83%a0%e1%83%98nvr-hikvision-ds-7608ni-q1-8p-d-1sata8chpoe\/"},"modified":"2024-10-29T13:19:50","modified_gmt":"2024-10-29T09:19:50","slug":"%e1%83%a9%e1%83%90%e1%83%9b%e1%83%ac%e1%83%94%e1%83%a0%e1%83%98nvr-hikvision-ds-7608ni-q1-8p-d-1sata8chpoe","status":"publish","type":"product","link":"https:\/\/bigchoice.ge\/en\/product\/%e1%83%a9%e1%83%90%e1%83%9b%e1%83%ac%e1%83%94%e1%83%a0%e1%83%98nvr-hikvision-ds-7608ni-q1-8p-d-1sata8chpoe\/","title":{"rendered":"Recorder,NVR Hikvision, DS-7608NI-Q1\/8P (D), 1sata,8ch,Poe"},"content":{"rendered":"<ul>\n<li><span class=\"tech-specs-items-description__title--heading\"><strong>Motion Detection 2.0<\/strong><\/span><\/li>\n<li><span class=\"tech-specs-items-description__title\">Human\/Vehicle Analysis<\/span><span class=\"tech-specs-items-description__title-details\">4-ch<\/span><\/li>\n<\/ul>\n<ul>\n<li><span class=\"tech-specs-items-description__title--heading\"><strong>Video And Audio<\/strong><\/span><\/li>\n<li><span class=\"tech-specs-items-description__title\">IP Video Input<\/span><span class=\"tech-specs-items-description__title-details\">8-ch<\/span><\/li>\n<li><span class=\"tech-specs-items-description__title\">HDMI Output<\/span><span class=\"tech-specs-items-description__title-details\">1-ch, 4K (4096 x 2160)\/30 Hz, 4K (3840 x 2160)\/30 Hz, 2K (2560 x 1440)\/60 Hz, 1920 x 1080\/60 Hz, 1600 x 1200\/60 Hz, 1280 x 1024\/60 Hz, 1280 x 720\/60 Hz;1-ch, 4K\uff084096&#215;2160\uff09\/30Hz\uff0c4K (3840\u00d72160) \/30Hz, 2K\uff082560\u00d71440\uff09\/60Hz\uff0c1920\u00d71080\/60Hz\uff0c1600\u00d71200\/60Hz\uff0c1280\u00d71024\/60Hz\uff0c1280\u00d7720\/60Hz; HDMI\/VGA simultaneous output,;1-ch, 4K (3840 \u00d7 2160)\/30Hz, 1920 \u00d7 1080p\/60Hz, 1600 \u00d7 1200\/60Hz, 1280 \u00d7 1024\/60Hz, 1280 \u00d7 720\/60Hz, 1024 \u00d7 768\/60Hz; ,HDMI\/VGA simultaneous output,<\/span><\/li>\n<li><span class=\"tech-specs-items-description__title\">VGA Output<\/span><span class=\"tech-specs-items-description__title-details\">1-ch, 1920 \u00d7 1080\/60 Hz, 1280 \u00d7 1024\/60 Hz, 1280 \u00d7 720\/60 Hz<\/span><\/li>\n<li><span class=\"tech-specs-items-description__title\">Video Output Mode<\/span><span class=\"tech-specs-items-description__title-details\">HDMI\/VGA simultaneous output<\/span><\/li>\n<li><span class=\"tech-specs-items-description__title\">Incoming Bandwidth<\/span><span class=\"tech-specs-items-description__title-details\">80 Mbps<\/span><\/li>\n<li><span class=\"tech-specs-items-description__title\">Outgoing Bandwidth<\/span><span class=\"tech-specs-items-description__title-details\">80 Mbps<\/span><\/li>\n<li><span class=\"tech-specs-items-description__title\">Audio Output<\/span><span class=\"tech-specs-items-description__title-details\">1-ch, RCA (Linear, 1 K\u03a9)<\/span><\/li>\n<li><span class=\"tech-specs-items-description__title\">Two-Way Audio<\/span><span class=\"tech-specs-items-description__title-details\">1-ch, RCA (2.0 Vp-p, 1 k \u03a9)<\/span><\/li>\n<\/ul>\n<ul>\n<li><span class=\"tech-specs-items-description__title--heading\"><strong>Recording<\/strong><\/span><\/li>\n<li><span class=\"tech-specs-items-description__title\">Stream Type<\/span><span class=\"tech-specs-items-description__title-details\">Video, Video &amp; Audio<\/span><\/li>\n<li><span class=\"tech-specs-items-description__title\">Audio Compression<\/span><span class=\"tech-specs-items-description__title-details\">G.711ulaw\/G.711alaw\/G.722\/G.726<\/span><\/li>\n<\/ul>\n<ul>\n<li><span class=\"tech-specs-items-description__title--heading\"><strong>Decoding<\/strong><\/span><\/li>\n<li><span class=\"tech-specs-items-description__title\">Decoding Format<\/span><span class=\"tech-specs-items-description__title-details\">H.265+,H.265,H.264+,H.264<\/span><\/li>\n<li><span class=\"tech-specs-items-description__title\">Decoding Capability<\/span>1-ch@8 MP (30 fps)\/3-ch@4 MP (30 fps)\/6-ch@1080p (30 fps)\n<p>*: The length or width of camera resolution (each track) cannot exceed 4096 pixels.<\/li>\n<li><span class=\"tech-specs-items-description__title\">Synchronous Playback<\/span><span class=\"tech-specs-items-description__title-details\">8-ch<\/span><\/li>\n<li><span class=\"tech-specs-items-description__title\">Recording Resolution<\/span><span class=\"tech-specs-items-description__title-details\">8 MP\/6 MP\/5 MP\/4 MP\/3 MP\/1080p\/UXGA \/720p\/VGA\/4CIF\/DCIF\/ 2CIF\/CIF\/QCIF<\/span><\/li>\n<\/ul>\n<ul>\n<li><span class=\"tech-specs-items-description__title--heading\"><strong>Network<\/strong><\/span><\/li>\n<li><span class=\"tech-specs-items-description__title\">Remote Connection<\/span><span class=\"tech-specs-items-description__title-details\">32<\/span><\/li>\n<li><span class=\"tech-specs-items-description__title\">Network Protocol<\/span><span class=\"tech-specs-items-description__title-details\">TCP\/IP, DHCP, IPv4, IPv6, DNS, DDNS, NTP, RTSP, SADP, SMTP, SNMP, NFS, iSCSI, ISUP, UPnP\u2122, HTTP, HTTPS<\/span><\/li>\n<li><span class=\"tech-specs-items-description__title\">Network Interface<\/span><span class=\"tech-specs-items-description__title-details\">1, RJ-45 10\/100 Mbps self-adaptive Ethernet interface<\/span><\/li>\n<\/ul>\n<ul>\n<li><span class=\"tech-specs-items-description__title--heading\"><strong>PoE<\/strong><\/span><\/li>\n<li><span class=\"tech-specs-items-description__title\">Interface<\/span><span class=\"tech-specs-items-description__title-details\">8, RJ-45 10\/100 Mbps self-adaptive Ethernet interface<\/span><\/li>\n<li><span class=\"tech-specs-items-description__title\">Power<\/span><span class=\"tech-specs-items-description__title-details\">\u2264 75 W<\/span><\/li>\n<\/ul>\n<ul>\n<li><span class=\"tech-specs-items-description__title--heading\"><strong>Auxiliary Interface<\/strong><\/span><\/li>\n<li><span class=\"tech-specs-items-description__title\">Alarm In\/Out<\/span><span class=\"tech-specs-items-description__title-details\">N\/A (4\/1 is optional)<\/span><\/li>\n<li><span class=\"tech-specs-items-description__title\">SATA<\/span><span class=\"tech-specs-items-description__title-details\">1 SATA interface<\/span><\/li>\n<li><span class=\"tech-specs-items-description__title\">Capacity<\/span><span class=\"tech-specs-items-description__title-details\">Up to 8 TB capacity for each disk<\/span><\/li>\n<li><span class=\"tech-specs-items-description__title\">USB Interface<\/span><span class=\"tech-specs-items-description__title-details\">2 \u00d7 USB 2.0<\/span><\/li>\n<\/ul>\n<ul>\n<li><span class=\"tech-specs-items-description__title--heading\"><strong>General<\/strong><\/span><\/li>\n<li><span class=\"tech-specs-items-description__title\">Power Supply<\/span><span class=\"tech-specs-items-description__title-details\">48 VDC, 1.88 A<\/span><\/li>\n<li><span class=\"tech-specs-items-description__title\">Consumption<\/span><span class=\"tech-specs-items-description__title-details\">\u2264 10 W (without HDD and PoE off)<\/span><\/li>\n<li><span class=\"tech-specs-items-description__title\">Working Temperature<\/span><span class=\"tech-specs-items-description__title-details\">-10 to +55\u00ba C (+14 to +131\u00ba F)<\/span><\/li>\n<li><span class=\"tech-specs-items-description__title\">Working Humidity<\/span><span class=\"tech-specs-items-description__title-details\">10% to 90&gt;#\/span###<\/span><\/li>\n<li><span class=\"tech-specs-items-description__title\">Dimension (W \u00d7 D \u00d7 H)<\/span><span class=\"tech-specs-items-description__title-details\">320 \u00d7 240 \u00d7 48 mm (12.4&#8243; \u00d7 9.4&#8243; \u00d7 1.9&#8243;)<\/span><\/li>\n<li><span class=\"tech-specs-items-description__title\">Weight<\/span><span class=\"tech-specs-items-description__title-details\">\u2264 1 kg (without HDD, 2.2 lb.)<\/span><\/li>\n<\/ul>\n<ul>\n<li><span class=\"tech-specs-items-description__title--heading\"><strong>Certification<\/strong><\/span><\/li>\n<li><span class=\"tech-specs-items-description__title\">FCC<\/span><span class=\"tech-specs-items-description__title-details\">Part 15 Subpart B, ANSI C63.4-2014<\/span><\/li>\n<li><span class=\"tech-specs-items-description__title\">CE<\/span><span class=\"tech-specs-items-description__title-details\">EN 55032: 2015, EN 61000-3-2, EN 61000-3-3, EN 50130-4, EN 55035: 2017<\/span><\/li>\n<\/ul>\n","protected":false},"excerpt":{"rendered":"<p>Motion Detection 2.0 Human\/Vehicle Analysis4-ch Video And Audio IP Video Input8-ch HDMI Output1-ch, 4K (4096 x 2160)\/30 Hz, 4K (3840<\/p>\n","protected":false},"featured_media":14463,"comment_status":"open","ping_status":"closed","template":"","meta":[],"product_cat":[214,164],"product_tag":[],"class_list":{"0":"post-14468","1":"product","2":"type-product","3":"status-publish","4":"has-post-thumbnail","6":"product_cat-video-metvalyureobis-sistemebi-en","7":"product_cat-chamweri-mowyobilobebi-en","8":"pa_brand-hikvision-en","10":"first","11":"instock","12":"shipping-taxable","13":"purchasable","14":"product-type-simple"},"_links":{"self":[{"href":"https:\/\/bigchoice.ge\/en\/wp-json\/wp\/v2\/product\/14468","targetHints":{"allow":["GET"]}}],"collection":[{"href":"https:\/\/bigchoice.ge\/en\/wp-json\/wp\/v2\/product"}],"about":[{"href":"https:\/\/bigchoice.ge\/en\/wp-json\/wp\/v2\/types\/product"}],"replies":[{"embeddable":true,"href":"https:\/\/bigchoice.ge\/en\/wp-json\/wp\/v2\/comments?post=14468"}],"version-history":[{"count":1,"href":"https:\/\/bigchoice.ge\/en\/wp-json\/wp\/v2\/product\/14468\/revisions"}],"predecessor-version":[{"id":14469,"href":"https:\/\/bigchoice.ge\/en\/wp-json\/wp\/v2\/product\/14468\/revisions\/14469"}],"wp:featuredmedia":[{"embeddable":true,"href":"https:\/\/bigchoice.ge\/en\/wp-json\/wp\/v2\/media\/14463"}],"wp:attachment":[{"href":"https:\/\/bigchoice.ge\/en\/wp-json\/wp\/v2\/media?parent=14468"}],"wp:term":[{"taxonomy":"product_cat","embeddable":true,"href":"https:\/\/bigchoice.ge\/en\/wp-json\/wp\/v2\/product_cat?post=14468"},{"taxonomy":"product_tag","embeddable":true,"href":"https:\/\/bigchoice.ge\/en\/wp-json\/wp\/v2\/product_tag?post=14468"}],"curies":[{"name":"wp","href":"https:\/\/api.w.org\/{rel}","templated":true}]}}