{"id":14456,"date":"2024-10-29T13:07:37","date_gmt":"2024-10-29T09:07:37","guid":{"rendered":"https:\/\/bigchoice.ge\/product\/%e1%83%99%e1%83%90%e1%83%9b%e1%83%94%e1%83%a0%e1%83%90hikvision-ds-2cd2421g0-i-4mmip2mpcubefixir10mtwowayaudio\/"},"modified":"2025-06-06T07:54:31","modified_gmt":"2025-06-06T03:54:31","slug":"%e1%83%99%e1%83%90%e1%83%9b%e1%83%94%e1%83%a0%e1%83%90hikvision-ds-2cd2421g0-i-4mmip2mpcubefixir10mtwowayaudio","status":"publish","type":"product","link":"https:\/\/bigchoice.ge\/en\/product\/%e1%83%99%e1%83%90%e1%83%9b%e1%83%94%e1%83%a0%e1%83%90hikvision-ds-2cd2421g0-i-4mmip2mpcubefixir10mtwowayaudio\/","title":{"rendered":"Camera,Hikvision, DS-2CD2421G0-I, 4mm,IP,2mp,Cube,Fix,IR10m,TwoWayAudio,"},"content":{"rendered":"<p>camera<br \/>\nImage sensor 1\/2.7&#8243; progressive scan CMOS<br \/>\nMax. Resolution 1920 \u00d7 1080<br \/>\nMin. Lighting<br \/>\n2mm: Color: 0.01 lux @ (F2.25, AGC ON), B\/W: 0 lux IR<\/p>\n<p>2.8mm and 4mm: Color: 0.01 lux @ (F1.6, AGC ON), B\/W: 0 lux IR<\/p>\n<p>Shutter speed from 1\/3s to 1\/100,000s<br \/>\nDay and night IR cut filter<br \/>\nAngle adjustment panel: 0\u00b0 to 360\u00b0, tilt: 0\u00b0 to 90\u00b0, rotation: 0\u00b0 to 360\u00b0<br \/>\nlens<br \/>\nLens type Fixed focal length, 2, 2.8 and 4 mm optional<br \/>\nFocal length and FOV<br \/>\n2mm, Horizontal FOV 137.2\u00b0, Vertical FOV 80.1\u00b0, Diagonal FOV 157.4\u00b0<\/p>\n<p>2.8mm, horizontal FOV 113.4\u00b0, vertical FOV 59.8\u00b0, diagonal FOV 135.6\u00b0<\/p>\n<p>4 mm, horizontal FOV 91.5\u00b0, vertical FOV 46.1\u00b0, diagonal FOV 109.8\u00b0<\/p>\n<p>Aperture<br \/>\n2mm: F2.25<\/p>\n<p>2.8mm: F1.6<\/p>\n<p>4mm: F1.6<\/p>\n<p>Iris TypeFixed<br \/>\nLens mount M12<br \/>\nDory<br \/>\nDory<br \/>\n2mm: D: 30.3m, O: 12.0m, R: 6.1m, I: 3.0m<\/p>\n<p>2.8mm: D: 37.3m, O: 14.8m, R: 7.5m, I: 3.7m<\/p>\n<p>4 mm: D: 52.9 m, O: 21.0 m, R: 10.6 m, I: 5.3 m<\/p>\n<p>Porthole<br \/>\nAdditional lighting range up to 10 m<br \/>\nIR wavelength 850 nm<br \/>\nSmart Plug Light Yes<br \/>\nVideo<br \/>\nthe main stream<br \/>\n50 Hz: 25 fps (1920 \u00d7 1080, 1280 \u00d7 720)<\/p>\n<p>60 Hz: 30 fps (1920 \u00d7 1080, 1280 \u00d7 720)<\/p>\n<p>sub-stream<br \/>\n50 Hz: 25 fps (640 \u00d7 480, 640 \u00d7 360)<\/p>\n<p>60 Hz: 30 fps (640 \u00d7 480, 640 \u00d7 360)<\/p>\n<p>Video compression<br \/>\nMain stream: H.265+\/H.265\/H.264+\/H.264<\/p>\n<p>Sub stream: H.265\/H.264\/MJPEG<\/p>\n<p>Video bit rate from 32 Kbps to 8 Mbps<br \/>\nH.264 TypeBaseline Profile\/Main Profile\/High Profile<br \/>\nH.265 TypeMain profile<br \/>\nBit rate controlCBR\/VBR<br \/>\nScalable Video Coding (SVC)<br \/>\nYes<\/p>\n<p>Region of Interest (ROI)1 fixed region for the main stream<br \/>\nAudio<br \/>\nAmbient noise filtering Yes<br \/>\nAudio sampling frequency 8 kHz\/16 kHz<br \/>\nAudio compression G.711ulaw\/G.711alaw\/G.722.1\/G.726\/MP2L2\/PCM\/AAC<br \/>\nAudio bit rate 64 kbps (G.711ulaw\/G.711alaw)\/16 kbps (G.722.1)\/16 kbps (G.726)\/32 to 160 kbps (MP2L2)\/16 to 64 kbps (AAC)<br \/>\nnetwork<br \/>\nSimultaneous live view of up to 6 channels<br \/>\nAPIO Open Network Video Interface, ISAPI<br \/>\nProtocolsTCP\/IP, ICMP, HTTP, HTTPS, FTP, DHCP, DNS, DDNS, RTP, RTSP, RTCP, NTP, UPnP\u2122, SMTP, IGMP, 802.1X(-W model does not support), QoS, IPv6, Bonjour, IPv4, UDP, SSL\/TLS, SNMP, PPPoE<br \/>\nUser\/HostUp 32 users. 3 levels: administrator, operator and user<br \/>\nSecurity password protection, complex password, HTTPS encryption, IP address filter, security audit log, basic and digest authentication HTTP\/HTTPS, TLS 1.1\/1.2, WSSE and digest authentication for open network video interface.<br \/>\nClientiVMS-4200, Hik-Connect<br \/>\nweb browser<br \/>\nPlugin Live View Required: IE 10+<\/p>\n<p>Free live preview of the plugin: Chrome 57.0+, Firefox 52.0+<\/p>\n<p>Local service: Chrome 57.0+, Firefox 52.0+<\/p>\n<p>Wi-Fi<br \/>\nEncryption Mode-IW: 64\/128-bit WEP, WPA-EAP\/WPA2-EAP, WPA-PSK\/WPA2-PSK<br \/>\nWi-Fi protocol<br \/>\n-IW:<\/p>\n<p>802.11b: CCK, QPSK, BPSK<\/p>\n<p>802.11 g\/n: OFDM<\/p>\n<p>frequency range<br \/>\n-IW:<\/p>\n<p>2.412 GHz &#8211; 2.472 GHz<\/p>\n<p>channel bandwidth<br \/>\n-IW:<\/p>\n<p>20\/40 MHz<\/p>\n<p>modulation<br \/>\n-IW:<\/p>\n<p>802.11b: CCK, QPSK, BPSK<\/p>\n<p>802.11 g\/n: OFDM<\/p>\n<p>Transfer rate<br \/>\n-IW:<\/p>\n<p>11b\/g: 54 Mbps<\/p>\n<p>11n: up to 150 Mbps<\/p>\n<p>Wireless Range-IW: Up to 50m (Performance varies based on actual environment)<br \/>\nImage<br \/>\nWide dynamic range (WDR) 120 dB<br \/>\nDay\/Night Switch Day, Night, Auto, Schedule<br \/>\nImage enhancement BLC, 3D DNR<br \/>\nImage settings Saturation, Brightness, Contrast, Sharpness, AGC, White Balance adjustable by client software or web browser.<br \/>\na carrier<br \/>\nPIR angle horizontal: 90\u00b0, vertical: 80\u00b0<br \/>\nPIR range up to 8 m<br \/>\ninterface<br \/>\nBuilt-in microphone Yes<br \/>\nBuilt-in speaker power: 1 W. Max. Sound pressure level: 10 cm: 91 dB.<br \/>\nOnboard Storage Built-in memory card slot, microSD\/SDHC\/SDXC card support, up to 256GB<br \/>\nKey Reset Yes<br \/>\nEthernet interface1 RJ45 10 M\/100 M self-adaptive Ethernet port<br \/>\nevent<br \/>\nKey event motion detection, video interruption alarm, exception<br \/>\nSmart EventLine crossing detection, intrusion detection<br \/>\nLinkage Upload to FTP\/Memory Card, Notify Monitoring Center, Send Email, Record Recording, Trigger Press, Sound Alert<br \/>\ngeneral<br \/>\npower<br \/>\n&#8211; I:<\/p>\n<p>12 VDC \u00b1 25%, 0.49 A, max. 5.8 W, \u00d85.5 mm coaxial power plug<\/p>\n<p>PoE: 802.3af, class 3, 36 V to 57 V, 0.19 A to 0.12 A, max. 6.8 W<\/p>\n<p>-IW:<\/p>\n<p>12 VDC \u00b1 25%, 0.66 A, max. 7.9 W, \u00d85.5 mm coaxial power plug<\/p>\n<p>PoE: 802.3af, class 3, 36 V to 57 V, 0.25 A to 0.16 A, max. 8.9 W<\/p>\n<p>language<br \/>\n33 languages<\/p>\n<p>English, Russian, Estonian, Bulgarian, Hungarian, Greek, German, Italian, Czech, Slovak, French, Polish, Dutch, Portuguese, Spanish, Romanian, Danish, Swedish, Norwegian, Finnish, Croatian, Slovenian, Serbian, Turkish, Korean, Traditional Chinese, Thai, Vietnamese, Japanese, Latvian, Lithuanian, Portuguese (Brazil), Ukrainian<\/p>\n<p>General Function Anti-Flicker, Heart Rate, Mirror, Password Protection, Privacy Mask, Watermark, IP Address Filter<br \/>\nStorage conditions &#8211; from 10 \u00b0C to 40 \u00b0C (14 \u00b0F to 104 \u00b0F). Humidity 95% or less (non-condensing)<br \/>\nStart-up and operating conditions -10 \u00b0C to 40 \u00b0C (14 \u00b0F to 104 \u00b0F). Humidity 95% or less (non-condensing)<br \/>\ndimension<br \/>\n2mm: 102.9mm \u00d7 65.2mm \u00d7 28.8mm (4.1&#8243; \u00d7 2.6&#8243; \u00d7 1.1&#8243;)<\/p>\n<p>2.8 mm and 4 mm: 102.9 mm \u00d7 65.2 mm \u00d7 32.6 mm (4.1 \u00d7 2.6 \\&#8221; \u00d7 1.3\\&#8221;)&#8221;<\/p>\n<p>Package size 150 mm \u00d7 125 mm \u00d7 99 mm (5.9&#8243; \u00d7 4.9&#8243; \u00d7 3.9&#8243;)<br \/>\nWeight approx. 115 g (0.3 lb)<br \/>\nThe package weighs approx. 330 g (0.7 lb)<br \/>\napproval<br \/>\nEMC<br \/>\nFCC (47 CFR Part 15, Subpart B)<\/p>\n<p>CE-EMC (EN 55032: 2015, EN 61<\/p>\n<p>&nbsp;<\/p>\n","protected":false},"excerpt":{"rendered":"<p>camera Image sensor 1\/2.7&#8243; progressive scan CMOS Max. Resolution 1920 \u00d7 1080 Min. Lighting 2mm: Color: 0.01 lux @ (F2.25,<\/p>\n","protected":false},"featured_media":14450,"comment_status":"open","ping_status":"closed","template":"","meta":[],"product_cat":[143],"product_tag":[],"class_list":{"0":"post-14456","1":"product","2":"type-product","3":"status-publish","4":"has-post-thumbnail","6":"product_cat-cctv-cameras","7":"pa_brand-hikvision-en","9":"first","10":"instock","11":"shipping-taxable","12":"purchasable","13":"product-type-simple"},"_links":{"self":[{"href":"https:\/\/bigchoice.ge\/en\/wp-json\/wp\/v2\/product\/14456","targetHints":{"allow":["GET"]}}],"collection":[{"href":"https:\/\/bigchoice.ge\/en\/wp-json\/wp\/v2\/product"}],"about":[{"href":"https:\/\/bigchoice.ge\/en\/wp-json\/wp\/v2\/types\/product"}],"replies":[{"embeddable":true,"href":"https:\/\/bigchoice.ge\/en\/wp-json\/wp\/v2\/comments?post=14456"}],"version-history":[{"count":2,"href":"https:\/\/bigchoice.ge\/en\/wp-json\/wp\/v2\/product\/14456\/revisions"}],"predecessor-version":[{"id":14458,"href":"https:\/\/bigchoice.ge\/en\/wp-json\/wp\/v2\/product\/14456\/revisions\/14458"}],"wp:featuredmedia":[{"embeddable":true,"href":"https:\/\/bigchoice.ge\/en\/wp-json\/wp\/v2\/media\/14450"}],"wp:attachment":[{"href":"https:\/\/bigchoice.ge\/en\/wp-json\/wp\/v2\/media?parent=14456"}],"wp:term":[{"taxonomy":"product_cat","embeddable":true,"href":"https:\/\/bigchoice.ge\/en\/wp-json\/wp\/v2\/product_cat?post=14456"},{"taxonomy":"product_tag","embeddable":true,"href":"https:\/\/bigchoice.ge\/en\/wp-json\/wp\/v2\/product_tag?post=14456"}],"curies":[{"name":"wp","href":"https:\/\/api.w.org\/{rel}","templated":true}]}}