{"id":14434,"date":"2024-10-29T12:58:54","date_gmt":"2024-10-29T08:58:54","guid":{"rendered":"https:\/\/bigchoice.ge\/?post_type=product&#038;p=14434"},"modified":"2024-10-29T13:02:24","modified_gmt":"2024-10-29T09:02:24","slug":"camerahikvision-ds-2cd1343g0-i-2-8mmip4mpturretfixir30m","status":"publish","type":"product","link":"https:\/\/bigchoice.ge\/en\/product\/camerahikvision-ds-2cd1343g0-i-2-8mmip4mpturretfixir30m\/","title":{"rendered":"Camera,Hikvision, DS-2CD1343G0-I, 2.8mm,IP,4mp,Turret,Fix,IR30m"},"content":{"rendered":"<p>Camera<br \/>\nImage sensor 1\/3&#8243; progressive scan CMOS<br \/>\nMax. Resolution 2560 \u00d7 1440<br \/>\nMin. IlluminationColor: 0.01 Lux @ (F2.0, AGC ON), B\/W: 0 Lux IR<br \/>\nShutter speed from 1\/3s to 1\/100000s<br \/>\nDay and night IR cut filter<br \/>\nAngle adjustment panel: 0\u00b0 to 360\u00b0, tilt: 0\u00b0 to 75\u00b0, rotation: 0\u00b0 to 360\u00b0<br \/>\nlens<br \/>\nLens TypeFixed focal length, 2.8 and 4 mm optional<br \/>\nFocal length and FOV<br \/>\n2.8mm, horizontal FOV 98.0\u00b0, vertical FOV 53.1\u00b0, diagonal FOV 114.7\u00b0<\/p>\n<p>4mm, horizontal FOV 78.7\u00b0, vertical FOV 43.1\u00b0, diagonal FOV 92.3\u00b0<\/p>\n<p>Lens mount M12<br \/>\nIris TypeFixed<br \/>\nAperture F2.0<br \/>\nPorthole<br \/>\nplugin Light TypeIR<br \/>\nAdditional lighting range up to 30 m<br \/>\nSmart Plug Light Yes<br \/>\nIR wavelength 850 nm<br \/>\nVideo<br \/>\nthe main stream<br \/>\n50 Hz:<\/p>\n<p>20 fps (2560 \u00d7 1440)<\/p>\n<p>25 fps (1920 \u00d7 1080, 1280 \u00d7 720)<\/p>\n<p>60 Hz:<\/p>\n<p>20 fps (2560 \u00d7 1440)<\/p>\n<p>30 fps (1920 \u00d7 1080, 1280 \u00d7 720)<\/p>\n<p>sub-stream<br \/>\n50 Hz: 25 fps (640 \u00d7 480, 640 \u00d7 360)<\/p>\n<p>60 Hz: 30 fps (640 \u00d7 480, 640 \u00d7 360)<\/p>\n<p>Video compression<br \/>\nMain stream: H.265\/H.264\/H.264+\/H.265+<\/p>\n<p>Sub stream: H.265\/H.264\/MJPEG<\/p>\n<p>Video bit rate from 32 Kbps to 8 Mbps<br \/>\nH.264 TypeBaseline Profile\/Main Profile\/High Profile<br \/>\nH.265 TypeMain profile<br \/>\nRegion of Interest (ROI)1 fixed region for the main stream<br \/>\nAudio<br \/>\nAudio Compression-UF: G.711ulaw\/G.711alaw\/G.722.1\/G.726\/MP2L2\/PCM\/AAC<br \/>\nAudio Bit Rate-UF: 64 Kbps (G.711)\/16 Kbps (G.722.1)\/16 Kbps (G.726)\/32 to 160 Kbps (MP2L2)\/16 to 64 Kbps (AAC) )<br \/>\nAudio sampling frequency-UF: 8 kHz\/16 kHz<br \/>\nAmbient Noise Filtering-UF: Yes<br \/>\nnetwork<br \/>\nProtocolsTCP\/IP, ICMP, HTTP, HTTPS, FTP, DHCP, DNS, DDNS, RTP, RTSP, RTCP, NTP, UPnP\u2122, SMTP, IGMP, 802.1X, QoS, IPv6, Bonjour, IPv4, UDP, SSL\/TLS<br \/>\nSimultaneous live view of up to 6 channels<br \/>\nAPIO Open Network Video Interface, ISAPI<br \/>\nUser\/HostUp 32 users. 3 levels: administrator, operator and user<br \/>\nClientiVMS-4200, Hik-Connect<br \/>\nweb browser<br \/>\nPlugin Live View Required: IE 10+<\/p>\n<p>Free live plugin preview: Chrome 57.0+, Firefox 52.0+<\/p>\n<p>Local service: Chrome 57.0+, Firefox 52.0+<\/p>\n<p>Image<br \/>\nImage settings Saturation, Brightness, Contrast, Sharpness, AGC, White Balance adjustable by client software or web browser<br \/>\nDay\/Night Switching Auto, Schedule, Day, Night<br \/>\nWide dynamic range (WDR) 120 dB<br \/>\nImage enhancement BLC, 3D DNR<br \/>\ninterface<br \/>\nEthernet interface1 RJ45 10 M\/100 M self-adaptive Ethernet port<br \/>\nOn-board storage-UF: built-in memory card slot, microSD card support, up to 256 GB<br \/>\nBuilt-in microphone-UF: Yes<br \/>\nReset Key-UF: Yes<br \/>\nevent<br \/>\nBasic EventMotion detection, video rigging, exception<br \/>\nconnection<br \/>\nUpload to FTP, notify monitoring center, send email<\/p>\n<p>-UF also supports: upload to memory card, record trigger, press trigger<\/p>\n<p>General<br \/>\npower<br \/>\n12 VDC \u00b1 25%, 0.4 A, max. 5 W, \u00d85.5 mm coaxial power plug<\/p>\n<p>PoE: 802.3af, class 3, 36 V to 57 V, 0.2 A to 0.15 A, max. 6.5 W<\/p>\n<p>Size\u00d8110 mm \u00d7 85.3 mm (\u00d8 4.3&#8243; \u00d7 3.4&#8243;)<br \/>\nPackage size 150 mm \u00d7 150 mm \u00d7 141 mm (5.9&#8243; \u00d7 5.9&#8243; \u00d7 5.6&#8243;)<br \/>\nWeight approx. 320 g (0.7 lb)<br \/>\nThe package weighs approx. 556 g (1.2 lb)<br \/>\nStorage conditions -30 \u00b0C to 60 \u00b0C (-22 \u00b0F to 140 \u00b0F). Humidity 95% or less (non-condensing)<br \/>\nStart-up and operating conditions -30 \u00b0C to 60 \u00b0C (-22 \u00b0F to 140 \u00b0F). Humidity 95% or less (non-condensing)<br \/>\nGeneral Function Anti-Flicker, Heart Rate, Mirror, Password Protection, Privacy Mask, Watermark, IP Address Filter<br \/>\napproval<br \/>\nEMCFCC SDoC (47 CFR Part 15, Subpart B); CE-EMC (EN 55032: 2015, EN 61000-3-2: 2014, EN 61000-3-3: 2013, EN 50130-4: 2011 +A1: 2014); RCM (AS\/NZS CISPR 32: 2015); IC VoC (ICES-003: Issue 6, 2016); KC (KN 32: 2015, KN 35: 2015)<br \/>\nSafety UL (UL 60950-1); CB (IEC 60950-1:2005 + Am 1:2009 + Am 2:2013, IEC 62368-1:2014); CE-LVD (EN 60950-1:2005 + Am 1:2009 + Am 2:2013, IEC 62368-1:2014); BIS (IS 13252 (Part 1):2010+A1:2013+A2:2015)<br \/>\nEnvironmentCE-RoHS (2011\/65\/EU); WEEE (2012\/19\/EU); Reach (Regulation (EC) No 1907\/2006)<br \/>\nProtection IP67 (IEC 60529-2013)<\/p>\n","protected":false},"excerpt":{"rendered":"<p>Camera Image sensor 1\/3&#8243; progressive scan CMOS Max. Resolution 2560 \u00d7 1440 Min. IlluminationColor: 0.01 Lux @ (F2.0, AGC ON),<\/p>\n","protected":false},"featured_media":14437,"comment_status":"open","ping_status":"closed","template":"","meta":[],"product_cat":[143],"product_tag":[],"class_list":{"0":"post-14434","1":"product","2":"type-product","3":"status-publish","4":"has-post-thumbnail","6":"product_cat-cctv-cameras","8":"first","9":"instock","10":"shipping-taxable","11":"purchasable","12":"product-type-simple"},"_links":{"self":[{"href":"https:\/\/bigchoice.ge\/en\/wp-json\/wp\/v2\/product\/14434","targetHints":{"allow":["GET"]}}],"collection":[{"href":"https:\/\/bigchoice.ge\/en\/wp-json\/wp\/v2\/product"}],"about":[{"href":"https:\/\/bigchoice.ge\/en\/wp-json\/wp\/v2\/types\/product"}],"replies":[{"embeddable":true,"href":"https:\/\/bigchoice.ge\/en\/wp-json\/wp\/v2\/comments?post=14434"}],"version-history":[{"count":1,"href":"https:\/\/bigchoice.ge\/en\/wp-json\/wp\/v2\/product\/14434\/revisions"}],"predecessor-version":[{"id":14445,"href":"https:\/\/bigchoice.ge\/en\/wp-json\/wp\/v2\/product\/14434\/revisions\/14445"}],"wp:featuredmedia":[{"embeddable":true,"href":"https:\/\/bigchoice.ge\/en\/wp-json\/wp\/v2\/media\/14437"}],"wp:attachment":[{"href":"https:\/\/bigchoice.ge\/en\/wp-json\/wp\/v2\/media?parent=14434"}],"wp:term":[{"taxonomy":"product_cat","embeddable":true,"href":"https:\/\/bigchoice.ge\/en\/wp-json\/wp\/v2\/product_cat?post=14434"},{"taxonomy":"product_tag","embeddable":true,"href":"https:\/\/bigchoice.ge\/en\/wp-json\/wp\/v2\/product_tag?post=14434"}],"curies":[{"name":"wp","href":"https:\/\/api.w.org\/{rel}","templated":true}]}}