{"id":13080,"date":"2023-03-17T08:11:26","date_gmt":"2023-03-17T04:11:26","guid":{"rendered":"https:\/\/bigchoice.ge\/product\/4-mp-acusense-fixed-bullet-network-camera\/"},"modified":"2025-02-12T18:30:48","modified_gmt":"2025-02-12T14:30:48","slug":"4-mp-acusense-fixed-bullet-network-camera","status":"publish","type":"product","link":"https:\/\/bigchoice.ge\/en\/product\/4-mp-acusense-fixed-bullet-network-camera\/","title":{"rendered":"DS-2CD2043G2-I, 4mm, IP, 4mp, Bullet, Fix, IR40m, AcuSense"},"content":{"rendered":"<div class=\"tech-specs-items-description-wrap\">\n<ul class=\"tech-specs-items-description\" data-target=\"Camera \">\n<li class=\"tech-specs-items-description-list\"><span class=\"tech-specs-items-description__title--heading\">Camera <\/span><\/li>\n<li class=\"tech-specs-items-description-list\"><span class=\"tech-specs-items-description__title\">Image Sensor<\/span><span class=\"tech-specs-items-description__title-details\">1\/3\u2033 Progressive Scan CMOS<\/span><\/li>\n<li class=\"tech-specs-items-description-list\"><span class=\"tech-specs-items-description__title\">Max. Resolution<\/span><span class=\"tech-specs-items-description__title-details\">2688 \u00d7 1520<\/span><\/li>\n<li class=\"tech-specs-items-description-list\"><span class=\"tech-specs-items-description__title\">Min. Illumination<\/span><span class=\"tech-specs-items-description__title-details\">Color: 0.005 Lux @ (F1.6, AGC ON), 0 Lux with IR on<\/span><\/li>\n<li class=\"tech-specs-items-description-list\"><span class=\"tech-specs-items-description__title\">Shutter Time<\/span><span class=\"tech-specs-items-description__title-details\">1\/3 s to 1\/100,000 s<\/span><\/li>\n<li class=\"tech-specs-items-description-list\"><span class=\"tech-specs-items-description__title\">Day &amp; Night<\/span><span class=\"tech-specs-items-description__title-details\">IR cut filter<\/span><\/li>\n<li class=\"tech-specs-items-description-list\"><span class=\"tech-specs-items-description__title\">Angle Adjustment<\/span><span class=\"tech-specs-items-description__title-details\">Pan: 0\u00b0 to 360\u00b0, tilt: 0\u00b0 to 90\u00b0, rotate: 0\u00b0 to 360\u00b0<\/span><\/li>\n<\/ul>\n<ul class=\"tech-specs-items-description\" data-target=\"Lens\">\n<li class=\"tech-specs-items-description-list\"><span class=\"tech-specs-items-description__title--heading\">Lens<\/span><\/li>\n<li class=\"tech-specs-items-description-list\"><span class=\"tech-specs-items-description__title\">Focal Length &amp; FOV<\/span><span class=\"tech-specs-items-description__title-details\">\n<p class=\"mb-p\" style=\"margin-bottom:0rem;height:auto;\">2.8 mm, horizontal FOV 103\u00b0, vertical FOV 55\u00b0, diagonal FOV 122\u00b0<\/p>\n<p class=\"mb-p\" style=\"margin-bottom:0rem;height:auto;\">4 mm, horizontal FOV 84\u00b0, vertical FOV 45\u00b0, diagonal FOV 100\u00b0<\/p>\n<p class=\"mb-p\" style=\"margin-bottom:0.5em;height:auto;\">6 mm, horizontal FOV 52\u00b0, vertical FOV 28\u00b0, diagonal FOV 61\u00b0<\/p>\n<p><\/span><\/li>\n<li class=\"tech-specs-items-description-list\"><span class=\"tech-specs-items-description__title\">Lens Type<\/span><span class=\"tech-specs-items-description__title-details\">Fixed focal lens, 2.8, 4, and 6 mm optional<\/span><\/li>\n<li class=\"tech-specs-items-description-list\"><span class=\"tech-specs-items-description__title\">Lens Mount<\/span><span class=\"tech-specs-items-description__title-details\">M12<\/span><\/li>\n<li class=\"tech-specs-items-description-list\"><span class=\"tech-specs-items-description__title\">Aperture<\/span><span class=\"tech-specs-items-description__title-details\">F1.6<\/span><\/li>\n<li class=\"tech-specs-items-description-list\"><span class=\"tech-specs-items-description__title\">Iris Type<\/span><span class=\"tech-specs-items-description__title-details\">Fixed<\/span><\/li>\n<\/ul>\n<ul class=\"tech-specs-items-description\" data-target=\"DORI\">\n<li class=\"tech-specs-items-description-list\"><span class=\"tech-specs-items-description__title--heading\">DORI<\/span><\/li>\n<li class=\"tech-specs-items-description-list\"><span class=\"tech-specs-items-description__title\">DORI<\/span><span class=\"tech-specs-items-description__title-details\">\n<p class=\"mb-p\" style=\"margin-bottom:0rem;height:auto;\">2.8 mm: D: 67 m, O: 26 m, R: 13 m, I: 6 m<\/p>\n<p class=\"mb-p\" style=\"margin-bottom:0rem;height:auto;\">4 mm: D: 80 m, O: 31 m, R: 16 m, I: 8 m<\/p>\n<p class=\"mb-p\" style=\"margin-bottom:0.5em;height:auto;\">6 mm: D: 120 m, O: 47,m, R: 24,m, I: 12 m<\/p>\n<p><\/span><\/li>\n<\/ul>\n<ul class=\"tech-specs-items-description\" data-target=\"Illuminator\">\n<li class=\"tech-specs-items-description-list\"><span class=\"tech-specs-items-description__title--heading\">Illuminator<\/span><\/li>\n<li class=\"tech-specs-items-description-list\"><span class=\"tech-specs-items-description__title\">Supplement Light Range<\/span><span class=\"tech-specs-items-description__title-details\">Up to 40 m<\/span><\/li>\n<li class=\"tech-specs-items-description-list\"><span class=\"tech-specs-items-description__title\">Supplement Light Type<\/span><span class=\"tech-specs-items-description__title-details\">IR<\/span><\/li>\n<li class=\"tech-specs-items-description-list\"><span class=\"tech-specs-items-description__title\">IR Wavelength<\/span><span class=\"tech-specs-items-description__title-details\">850 nm<\/span><\/li>\n<li class=\"tech-specs-items-description-list\"><span class=\"tech-specs-items-description__title\">Smart Supplement Light<\/span><span class=\"tech-specs-items-description__title-details\">Yes<\/span><\/li>\n<\/ul>\n<ul class=\"tech-specs-items-description\" data-target=\"Video\">\n<li class=\"tech-specs-items-description-list\"><span class=\"tech-specs-items-description__title--heading\">Video<\/span><\/li>\n<li class=\"tech-specs-items-description-list\"><span class=\"tech-specs-items-description__title\">Main Stream<\/span><span class=\"tech-specs-items-description__title-details\">\n<p class=\"mb-p\" style=\"margin-bottom:0rem;height:auto;\">50 Hz: 25 fps (2688 \u00d7 1520, 1920 \u00d7 1080, 1280 \u00d7 720)<\/p>\n<p class=\"mb-p\" style=\"margin-bottom:0.5em;height:auto;\">60 Hz: 30 fps (2688 \u00d7 1520, 1920 \u00d7 1080, 1280 \u00d7 720)<\/p>\n<p><\/span><\/li>\n<li class=\"tech-specs-items-description-list\"><span class=\"tech-specs-items-description__title\">Sub-Stream<\/span><span class=\"tech-specs-items-description__title-details\">\n<p class=\"mb-p\" style=\"margin-bottom:0rem;height:auto;\">50 Hz: 25 fps (1280 \u00d7 720, 640 \u00d7 480, 640 \u00d7 360) <\/p>\n<p class=\"mb-p\" style=\"margin-bottom:0.5em;height:auto;\">60 Hz: 30 fps (1280 \u00d7 720, 640 \u00d7 480, 640 \u00d7 360)<\/p>\n<p><\/span><\/li>\n<li class=\"tech-specs-items-description-list\"><span class=\"tech-specs-items-description__title\">Third Stream<\/span><span class=\"tech-specs-items-description__title-details\">\n<p class=\"mb-p\" style=\"margin-bottom:0rem;height:auto;\">50 Hz: 10 fps (1920 \u00d7 1080, 1280 \u00d7 720, 640 \u00d7 480, 640 \u00d7 360)<\/p>\n<p class=\"mb-p\" style=\"margin-bottom:0.5em;height:auto;\">60 Hz: 10 fps (1920 \u00d7 1080, 1280 \u00d7 720, 640 \u00d7 480, 640 \u00d7 360)<\/p>\n<p><\/span><\/li>\n<li class=\"tech-specs-items-description-list\"><span class=\"tech-specs-items-description__title\">Video Compression <\/span><span class=\"tech-specs-items-description__title-details\">\n<p class=\"mb-p\" style=\"margin-bottom:0rem;height:auto;\">Main stream: H.265\/H.264\/H.264+\/H.265+<\/p>\n<p class=\"mb-p\" style=\"margin-bottom:0rem;height:auto;\">Sub-stream: H.265\/H.264\/MJPEG<\/p>\n<p class=\"mb-p\" style=\"margin-bottom:0.5em;height:auto;\">Third stream: H.265\/H.264<\/p>\n<p><\/span><\/li>\n<li class=\"tech-specs-items-description-list\"><span class=\"tech-specs-items-description__title\">Video Bit Rate<\/span><span class=\"tech-specs-items-description__title-details\">32 Kbps to 8 Mbps<\/span><\/li>\n<li class=\"tech-specs-items-description-list\"><span class=\"tech-specs-items-description__title\">H.264 Type<\/span><span class=\"tech-specs-items-description__title-details\">Baseline Profile\/Main Profile\/High Profile<\/span><\/li>\n<li class=\"tech-specs-items-description-list\"><span class=\"tech-specs-items-description__title\">H.265 Type<\/span><span class=\"tech-specs-items-description__title-details\">Main Profile<\/span><\/li>\n<li class=\"tech-specs-items-description-list\"><span class=\"tech-specs-items-description__title\">Bit Rate Control<\/span><span class=\"tech-specs-items-description__title-details\">CBR\/VBR<\/span><\/li>\n<li class=\"tech-specs-items-description-list\"><span class=\"tech-specs-items-description__title\">Scalable Video Coding (SVC)<\/span><span class=\"tech-specs-items-description__title-details\">H.264 and H.265 encoding<\/span><\/li>\n<li class=\"tech-specs-items-description-list\"><span class=\"tech-specs-items-description__title\">Region of Interest (ROI)<\/span><span class=\"tech-specs-items-description__title-details\">1 fixed region for main stream and sub-stream<\/span><\/li>\n<\/ul>\n<ul class=\"tech-specs-items-description\" data-target=\"Audio\">\n<li class=\"tech-specs-items-description-list\"><span class=\"tech-specs-items-description__title--heading\">Audio<\/span><\/li>\n<li class=\"tech-specs-items-description-list\"><span class=\"tech-specs-items-description__title\">Audio Compression <\/span><span class=\"tech-specs-items-description__title-details\">-U: G.711ulaw\/G.711alaw\/G.722.1\/G.726\/MP2L2\/PCM\/MP3\/AAC-LC<\/span><\/li>\n<li class=\"tech-specs-items-description-list\"><span class=\"tech-specs-items-description__title\">Audio Bit Rate<\/span><span class=\"tech-specs-items-description__title-details\">-U: 64 Kbps (G.711ulaw\/G.711alaw)\/16 Kbps(G.722.1)\/16 Kbps(G.726)\/16-64 Kbps(AAC-LC)<\/span><\/li>\n<li class=\"tech-specs-items-description-list\"><span class=\"tech-specs-items-description__title\">Audio Sampling Rate<\/span><span class=\"tech-specs-items-description__title-details\">-U: 8 kHz\/16 kHz\/32 kHz\/44.1 kHz\/48 kHz<\/span><\/li>\n<li class=\"tech-specs-items-description-list\"><span class=\"tech-specs-items-description__title\">Environment Noise Filtering<\/span><span class=\"tech-specs-items-description__title-details\">-U: Yes<\/span><\/li>\n<\/ul>\n<ul class=\"tech-specs-items-description\" data-target=\"Network\">\n<li class=\"tech-specs-items-description-list\"><span class=\"tech-specs-items-description__title--heading\">Network<\/span><\/li>\n<li class=\"tech-specs-items-description-list\"><span class=\"tech-specs-items-description__title\">Protocols<\/span><span class=\"tech-specs-items-description__title-details\">TCP\/IP, ICMP, HTTP, HTTPS, FTP, DHCP, DNS, DDNS, RTP, RTSP, NTP, UPnP, SMTP, IGMP, 802.1X, QoS, IPv6, UDP, Bonjour, SSL\/TLS, PPPoE, WebSocket, WebSockets<\/span><\/li>\n<li class=\"tech-specs-items-description-list\"><span class=\"tech-specs-items-description__title\">Simultaneous Live View<\/span><span class=\"tech-specs-items-description__title-details\">Up to 6 channels<\/span><\/li>\n<li class=\"tech-specs-items-description-list\"><span class=\"tech-specs-items-description__title\">API<\/span><span class=\"tech-specs-items-description__title-details\">Open Network Video Interface (Profile S, Profile G), ISAPI, SDK<\/span><\/li>\n<li class=\"tech-specs-items-description-list\"><span class=\"tech-specs-items-description__title\">User\/Host<\/span><span class=\"tech-specs-items-description__title-details\">Up to 32 users. 3 user levels: administrator, operator and user<\/span><\/li>\n<li class=\"tech-specs-items-description-list\"><span class=\"tech-specs-items-description__title\">Security<\/span><span class=\"tech-specs-items-description__title-details\">Password protection, complicated password, HTTPS encryption, IP address filter, Security Audit Log, basic and digest authentication for HTTP\/HTTPS, TLS 1.1\/1.2, WSSE and digest authentication for Open Network Video Interface<\/span><\/li>\n<li class=\"tech-specs-items-description-list\"><span class=\"tech-specs-items-description__title\">Network Storage<\/span><span class=\"tech-specs-items-description__title-details\">NAS (NFS, SMB\/CIFS), auto network replenishment (ANR)<\/span><\/li>\n<li class=\"tech-specs-items-description-list\"><span class=\"tech-specs-items-description__title\">Client<\/span><span class=\"tech-specs-items-description__title-details\">iVMS-4200, Hik-Connect, Hik-Central<\/span><\/li>\n<li class=\"tech-specs-items-description-list\"><span class=\"tech-specs-items-description__title\">Web Browser<\/span><span class=\"tech-specs-items-description__title-details\">\n<p class=\"mb-p\" style=\"margin-bottom:0rem;height:auto;\">Plug-in required live view: IE 10, IE 11<\/p>\n<p class=\"mb-p\" style=\"margin-bottom:0rem;height:auto;\">Plug-in free live view : Chrome 57.0+, Firefox 52.0+<\/p>\n<p class=\"mb-p\" style=\"margin-bottom:0.5em;height:auto;\">Local service: Chrome 57.0+, Firefox 52.0+<\/p>\n<p><\/span><\/li>\n<\/ul>\n<ul class=\"tech-specs-items-description\" data-target=\"Image\">\n<li class=\"tech-specs-items-description-list\"><span class=\"tech-specs-items-description__title--heading\">Image<\/span><\/li>\n<li class=\"tech-specs-items-description-list\"><span class=\"tech-specs-items-description__title\">Image Parameters Switch<\/span><span class=\"tech-specs-items-description__title-details\">Yes<\/span><\/li>\n<li class=\"tech-specs-items-description-list\"><span class=\"tech-specs-items-description__title\">Image Settings<\/span><span class=\"tech-specs-items-description__title-details\">Rotate, mirror, privacy mask, saturation, brightness, contrast, sharpness, gain, white balance adjustable by client software or web browser<\/span><\/li>\n<li class=\"tech-specs-items-description-list\"><span class=\"tech-specs-items-description__title\">Day\/Night Switch<\/span><span class=\"tech-specs-items-description__title-details\">Day, Night, Auto, Schedule<\/span><\/li>\n<li class=\"tech-specs-items-description-list\"><span class=\"tech-specs-items-description__title\">Wide Dynamic Range (WDR)<\/span><span class=\"tech-specs-items-description__title-details\">120 dB<\/span><\/li>\n<li class=\"tech-specs-items-description-list\"><span class=\"tech-specs-items-description__title\">Image Enhancement<\/span><span class=\"tech-specs-items-description__title-details\">BLC, HLC, 3D DNR<\/span><\/li>\n<li class=\"tech-specs-items-description-list\"><span class=\"tech-specs-items-description__title\">SNR<\/span><span class=\"tech-specs-items-description__title-details\">\u2265 52 dB<\/span><\/li>\n<\/ul>\n<ul class=\"tech-specs-items-description\" data-target=\"Interface\">\n<li class=\"tech-specs-items-description-list\"><span class=\"tech-specs-items-description__title--heading\">Interface<\/span><\/li>\n<li class=\"tech-specs-items-description-list\"><span class=\"tech-specs-items-description__title\">Ethernet Interface<\/span><span class=\"tech-specs-items-description__title-details\">1 RJ45 10 M\/100 M self-adaptive Ethernet port<\/span><\/li>\n<li class=\"tech-specs-items-description-list\"><span class=\"tech-specs-items-description__title\">On-Board Storage<\/span><span class=\"tech-specs-items-description__title-details\">Built-in memory card slot, support microSD card, up to 512 GB<\/span><\/li>\n<li class=\"tech-specs-items-description-list\"><span class=\"tech-specs-items-description__title\">Built-in Microphone<\/span><span class=\"tech-specs-items-description__title-details\">-U: Yes<\/span><\/li>\n<li class=\"tech-specs-items-description-list\"><span class=\"tech-specs-items-description__title\">Reset Key<\/span><span class=\"tech-specs-items-description__title-details\">Yes<\/span><\/li>\n<\/ul>\n<ul class=\"tech-specs-items-description\" data-target=\"Event\">\n<li class=\"tech-specs-items-description-list\"><span class=\"tech-specs-items-description__title--heading\">Event<\/span><\/li>\n<li class=\"tech-specs-items-description-list\"><span class=\"tech-specs-items-description__title\">Basic Event <\/span><span class=\"tech-specs-items-description__title-details\">Motion detection (human and vehicle targets classification), video tampering alarm, exception<\/span><\/li>\n<li class=\"tech-specs-items-description-list\"><span class=\"tech-specs-items-description__title\">Smart Event<\/span><span class=\"tech-specs-items-description__title-details\">\n<p class=\"mb-p\" style=\"margin-bottom:0rem;height:auto;\">Line crossing detection, intrusion detection (support alarm triggering by specified target types (human and vehicle))<\/p>\n<p class=\"mb-p\" style=\"margin-bottom:0.5em;height:auto;\">Face detection<\/p>\n<p><\/span><\/li>\n<li class=\"tech-specs-items-description-list\"><span class=\"tech-specs-items-description__title\">Linkage<\/span><span class=\"tech-specs-items-description__title-details\">Upload to FTP\/memory card\/NAS, notify surveillance center, trigger record, trigger capture<\/span><\/li>\n<\/ul>\n<ul class=\"tech-specs-items-description\" data-target=\"General\">\n<li class=\"tech-specs-items-description-list\"><span class=\"tech-specs-items-description__title--heading\">General<\/span><\/li>\n<li class=\"tech-specs-items-description-list\"><span class=\"tech-specs-items-description__title\">Power<\/span><span class=\"tech-specs-items-description__title-details\">\n<p class=\"mb-p\" style=\"margin-bottom:0rem;height:auto;\">12 VDC \u00b1 25%, 0.5 A, max. 6 W, \u00d85.5 mm coaxial power plug, reverse polarity protection<\/p>\n<p class=\"mb-p\" style=\"margin-bottom:0.5em;height:auto;\">PoE: 802.3af, Class 3, 36 V to 57 V), 0.2 A to 0.13 A, max. 7 W<\/p>\n<p><\/span><\/li>\n<li class=\"tech-specs-items-description-list\"><span class=\"tech-specs-items-description__title\">Dimension<\/span><span class=\"tech-specs-items-description__title-details\">\u00d870 \u00d7 161.7 mm (\u00d82.76\u2033 \u00d7 6.37\u2033)<\/span><\/li>\n<li class=\"tech-specs-items-description-list\"><span class=\"tech-specs-items-description__title\">Package Dimension<\/span><span class=\"tech-specs-items-description__title-details\">216 mm \u00d7 121 mm \u00d7 118 mm (8.6&#8243; \u00d7 4.8&#8243; \u00d7 4.7&#8243;)<\/span><\/li>\n<li class=\"tech-specs-items-description-list\"><span class=\"tech-specs-items-description__title\">Weight<\/span><span class=\"tech-specs-items-description__title-details\">Approx. 490 g (1.1 lb.)<\/span><\/li>\n<li class=\"tech-specs-items-description-list\"><span class=\"tech-specs-items-description__title\">With Package Weight<\/span><span class=\"tech-specs-items-description__title-details\">Approx. 724 g (1.6 lb.)<\/span><\/li>\n<li class=\"tech-specs-items-description-list\"><span class=\"tech-specs-items-description__title\">Storage Conditions<\/span><span class=\"tech-specs-items-description__title-details\">-30 \u00b0C to 60 \u00b0C (-22 \u00b0F to 140 \u00b0F). Humidity 95% or less (non-condensing)<\/span><\/li>\n<li class=\"tech-specs-items-description-list\"><span class=\"tech-specs-items-description__title\">Startup and Operating Conditions<\/span><span class=\"tech-specs-items-description__title-details\">-30 \u00b0C to 60 \u00b0C (-22 \u00b0F to 140 \u00b0F). Humidity 95% or less (non-condensing)<\/span><\/li>\n<li class=\"tech-specs-items-description-list\"><span class=\"tech-specs-items-description__title\">General Function<\/span><span class=\"tech-specs-items-description__title-details\">Anti-flicker, heartbeat, password reset via e-mail, pixel counter<\/span><\/li>\n<li class=\"tech-specs-items-description-list\"><span class=\"tech-specs-items-description__title\">Language<\/span><span class=\"tech-specs-items-description__title-details\">\n<p class=\"mb-p\" style=\"margin-bottom:0rem;height:auto;\">33 languages<\/p>\n<p class=\"mb-p\" style=\"margin-bottom:0.5em;height:auto;\">English, Russian, Estonian, Bulgarian, Hungarian, Greek, German, Italian, Czech, Slovak, French, Polish, Dutch, Portuguese, Spanish, Romanian, Danish, Swedish, Norwegian, Finnish, Croatian, Slovenian, Serbian, Turkish, Korean, Traditional Chinese, Thai, Vietnamese, Japanese, Latvian, Lithuanian, Portuguese (Brazil), Ukrainian<\/p>\n<p><\/span><\/li>\n<\/ul>\n<ul class=\"tech-specs-items-description\" data-target=\"Approval\" style=\"margin-bottom: 71px;\">\n<li class=\"tech-specs-items-description-list\"><span class=\"tech-specs-items-description__title--heading\">Approval<\/span><\/li>\n<li class=\"tech-specs-items-description-list\"><span class=\"tech-specs-items-description__title\">EMC<\/span><span class=\"tech-specs-items-description__title-details\">FCC (47 CFR Part 15, Subpart B); CE-EMC (EN 55032: 2015, EN 61000-3-2: 2014, EN 61000-3-3: 2013, EN 50130-4: 2011 +A1: 2014); RCM (AS\/NZS CISPR 32: 2015); IC (ICES-003: Issue 6, 2016); KC (KN 32: 2015, KN 35: 2015)<\/span><\/li>\n<li class=\"tech-specs-items-description-list\"><span class=\"tech-specs-items-description__title\">Safety<\/span><span class=\"tech-specs-items-description__title-details\">UL (UL 60950-1); CB (IEC 60950-1:2005 + Am 1:2009 + Am 2:2013); CE-LVD (EN 60950-1:2005 + Am 1:2009 + Am 2:2013); BIS (IS 13252(Part 1):2010+A1:2013+A2:2015)<\/span><\/li>\n<li class=\"tech-specs-items-description-list\"><span class=\"tech-specs-items-description__title\">Environment<\/span><span class=\"tech-specs-items-description__title-details\">CE-RoHS (2011\/65\/EU); WEEE (2012\/19\/EU); Reach (Regulation (EC) No 1907\/2006)<\/span><\/li>\n<li class=\"tech-specs-items-description-list\"><span class=\"tech-specs-items-description__title\">Protection<\/span><span class=\"tech-specs-items-description__title-details\">IP67 (IEC 60529-2013)<\/span><\/li>\n<\/ul><\/div>\n","protected":false},"excerpt":{"rendered":"<p>High quality imaging with 4 MP resolution<br \/>\nClear imaging against strong backlight due to 120 dB WDR technology<br \/>\nEfficient H.265+ compression technology<br \/>\n-U: Built-in microphone for real-time audio security<br \/>\nWater and dust resistant (IP67)<br \/>\nFocus on human and vehicle targets classification based on deep learning<br \/>\nAvailable models:<\/p>\n<p>DS-2CD2043G2-I(2.8mm)<br \/>\nDS-2CD2043G2-I(4mm)<br \/>\nDS-2CD2043G2-I(6mm)<br \/>\nDS-2CD2043G2-IU(2.8mm)<br \/>\nDS-2CD2043G2-IU(4mm)<\/p>\n","protected":false},"featured_media":12489,"comment_status":"open","ping_status":"closed","template":"","meta":[],"product_cat":[214,143,152],"product_tag":[],"class_list":{"0":"post-13080","1":"product","2":"type-product","3":"status-publish","4":"has-post-thumbnail","6":"product_cat-video-metvalyureobis-sistemebi-en","7":"product_cat-cctv-cameras","8":"product_cat-ip-kamerebi-en","9":"pa_brand-hikvision-en","11":"first","12":"instock","13":"shipping-taxable","14":"purchasable","15":"product-type-simple"},"_links":{"self":[{"href":"https:\/\/bigchoice.ge\/en\/wp-json\/wp\/v2\/product\/13080","targetHints":{"allow":["GET"]}}],"collection":[{"href":"https:\/\/bigchoice.ge\/en\/wp-json\/wp\/v2\/product"}],"about":[{"href":"https:\/\/bigchoice.ge\/en\/wp-json\/wp\/v2\/types\/product"}],"replies":[{"embeddable":true,"href":"https:\/\/bigchoice.ge\/en\/wp-json\/wp\/v2\/comments?post=13080"}],"version-history":[{"count":1,"href":"https:\/\/bigchoice.ge\/en\/wp-json\/wp\/v2\/product\/13080\/revisions"}],"predecessor-version":[{"id":14905,"href":"https:\/\/bigchoice.ge\/en\/wp-json\/wp\/v2\/product\/13080\/revisions\/14905"}],"wp:featuredmedia":[{"embeddable":true,"href":"https:\/\/bigchoice.ge\/en\/wp-json\/wp\/v2\/media\/12489"}],"wp:attachment":[{"href":"https:\/\/bigchoice.ge\/en\/wp-json\/wp\/v2\/media?parent=13080"}],"wp:term":[{"taxonomy":"product_cat","embeddable":true,"href":"https:\/\/bigchoice.ge\/en\/wp-json\/wp\/v2\/product_cat?post=13080"},{"taxonomy":"product_tag","embeddable":true,"href":"https:\/\/bigchoice.ge\/en\/wp-json\/wp\/v2\/product_tag?post=13080"}],"curies":[{"name":"wp","href":"https:\/\/api.w.org\/{rel}","templated":true}]}}