{"id":13062,"date":"2023-04-27T14:43:59","date_gmt":"2023-04-27T10:43:59","guid":{"rendered":"https:\/\/bigchoice.ge\/product\/%e1%83%a5%e1%83%a1%e1%83%94%e1%83%9a%e1%83%98%e1%83%a1-%e1%83%99%e1%83%90%e1%83%91%e1%83%94%e1%83%9a%e1%83%98-100-%e1%83%a1%e1%83%9e%e1%83%98%e1%83%9a%e1%83%94%e1%83%9c%e1%83%ab%e1%83%98-network-cabl\/"},"modified":"2025-11-19T06:12:52","modified_gmt":"2025-11-19T02:12:52","slug":"%e1%83%a5%e1%83%a1%e1%83%94%e1%83%9a%e1%83%98%e1%83%a1-%e1%83%99%e1%83%90%e1%83%91%e1%83%94%e1%83%9a%e1%83%98-100-%e1%83%a1%e1%83%9e%e1%83%98%e1%83%9a%e1%83%94%e1%83%9c%e1%83%ab%e1%83%98-network-cabl","status":"publish","type":"product","link":"https:\/\/bigchoice.ge\/en\/product\/%e1%83%a5%e1%83%a1%e1%83%94%e1%83%9a%e1%83%98%e1%83%a1-%e1%83%99%e1%83%90%e1%83%91%e1%83%94%e1%83%9a%e1%83%98-100-%e1%83%a1%e1%83%9e%e1%83%98%e1%83%9a%e1%83%94%e1%83%9c%e1%83%ab%e1%83%98-network-cabl\/","title":{"rendered":"Network cable 100% copper Network Cable PFM920I-5EUN UTP CAT5e Cable"},"content":{"rendered":"<table id=\"table001\" class=\"NEW-TABLE TableOverride-1 tab-drag\" style=\"width: 100%; border-spacing: 0px; table-layout: fixed; overflow-wrap: break-word;\">\n<tbody>\n<tr>\n<td style=\"border: 1px solid #FFFFFF; padding: 3px 0px 3px 5px; vertical-align: middle; background-color: #c3c5c5; font-weight: bold;\" colspan=\"60\">Conductor<\/td>\n<\/tr>\n<tr>\n<td style=\"border: 1px solid #FFFFFF; padding: 3px 0px 3px 5px; vertical-align: middle; background-color: #f2f2f2;\" colspan=\"18\">Material<\/td>\n<td style=\"border: 1px solid #FFFFFF; padding: 3px 0px 3px 5px; vertical-align: middle; background-color: #f2f2f2;\" colspan=\"42\">Oxygen free copper (99.97% purity)<\/td>\n<\/tr>\n<tr>\n<td style=\"border: 1px solid #FFFFFF; padding: 3px 0px 3px 5px; vertical-align: middle; background-color: #f2f2f2;\" colspan=\"18\">Diameter<\/td>\n<td style=\"border: 1px solid #FFFFFF; padding: 3px 0px 3px 5px; vertical-align: middle; background-color: #f2f2f2;\" colspan=\"42\">0.45 mm \u00b1 0.01 mm<\/td>\n<\/tr>\n<tr>\n<td style=\"border: 1px solid #FFFFFF; padding: 3px 0px 3px 5px; vertical-align: middle; background-color: #c3c5c5; font-weight: bold;\" colspan=\"60\">Insulation<\/td>\n<\/tr>\n<tr>\n<td style=\"border: 1px solid #FFFFFF; padding: 3px 0px 3px 5px; vertical-align: middle; background-color: #f2f2f2;\" colspan=\"18\">Material<\/td>\n<td style=\"border: 1px solid #FFFFFF; padding: 3px 0px 3px 5px; vertical-align: middle; background-color: #f2f2f2;\" colspan=\"42\">HDPE<\/td>\n<\/tr>\n<tr>\n<td style=\"border: 1px solid #FFFFFF; padding: 3px 0px 3px 5px; vertical-align: middle; background-color: #f2f2f2;\" colspan=\"18\">Min. Average Thickness<\/td>\n<td style=\"border: 1px solid #FFFFFF; padding: 3px 0px 3px 5px; vertical-align: middle; background-color: #f2f2f2;\" colspan=\"42\">0.18 mm<\/td>\n<\/tr>\n<tr>\n<td style=\"border: 1px solid #FFFFFF; padding: 3px 0px 3px 5px; vertical-align: middle; background-color: #f2f2f2;\" colspan=\"18\">Diameter<\/td>\n<td style=\"border: 1px solid #FFFFFF; padding: 3px 0px 3px 5px; vertical-align: middle; background-color: #f2f2f2;\" colspan=\"42\">0.81mm\u00b10.1mm<\/td>\n<\/tr>\n<tr>\n<td style=\"border: 1px solid #FFFFFF; padding: 3px 0px 3px 5px; vertical-align: middle; background-color: #f2f2f2;\" colspan=\"18\">Color (4 Pairs)<\/td>\n<td style=\"border: 1px solid #FFFFFF; padding: 3px 0px 3px 5px; vertical-align: middle; background-color: #f2f2f2;\" colspan=\"42\">Blue, white\/blue; orange, white\/orange; green, white\/green; brown, white\/brown<\/td>\n<\/tr>\n<tr>\n<td style=\"border: 1px solid #FFFFFF; padding: 3px 0px 3px 5px; vertical-align: middle; background-color: #c3c5c5; font-weight: bold;\" colspan=\"60\">Rip Cord<\/td>\n<\/tr>\n<tr>\n<td style=\"border: 1px solid #FFFFFF; padding: 3px 0px 3px 5px; vertical-align: middle; background-color: #f2f2f2;\" colspan=\"18\">Material<\/td>\n<td style=\"border: 1px solid #FFFFFF; padding: 3px 0px 3px 5px; vertical-align: middle; background-color: #f2f2f2;\" colspan=\"42\">Polyester<\/td>\n<\/tr>\n<tr>\n<td style=\"border: 1px solid #FFFFFF; padding: 3px 0px 3px 5px; vertical-align: middle; background-color: #f2f2f2;\" colspan=\"18\">Specification<\/td>\n<td style=\"border: 1px solid #FFFFFF; padding: 3px 0px 3px 5px; vertical-align: middle; background-color: #f2f2f2;\" colspan=\"42\">500D<\/td>\n<\/tr>\n<tr>\n<td style=\"border: 1px solid #FFFFFF; padding: 3px 0px 3px 5px; vertical-align: middle; background-color: #c3c5c5; font-weight: bold;\" colspan=\"60\">Sheath<\/td>\n<\/tr>\n<tr>\n<td style=\"border: 1px solid #FFFFFF; padding: 3px 0px 3px 5px; vertical-align: middle; background-color: #f2f2f2;\" colspan=\"18\">Material<\/td>\n<td style=\"border: 1px solid #FFFFFF; padding: 3px 0px 3px 5px; vertical-align: middle; background-color: #f2f2f2;\" colspan=\"42\">PVC<\/td>\n<\/tr>\n<tr>\n<td style=\"border: 1px solid #FFFFFF; padding: 3px 0px 3px 5px; vertical-align: middle; background-color: #f2f2f2;\" colspan=\"18\">Min. Average Thickness<\/td>\n<td style=\"border: 1px solid #FFFFFF; padding: 3px 0px 3px 5px; vertical-align: middle; background-color: #f2f2f2;\" colspan=\"42\">0.5 mm<\/td>\n<\/tr>\n<tr>\n<td style=\"border: 1px solid #FFFFFF; padding: 3px 0px 3px 5px; vertical-align: middle; background-color: #f2f2f2;\" colspan=\"18\">Diameter<\/td>\n<td style=\"border: 1px solid #FFFFFF; padding: 3px 0px 3px 5px; vertical-align: middle; background-color: #f2f2f2;\" colspan=\"42\">4.7 mm \u00b1 0.3 mm<\/td>\n<\/tr>\n<tr>\n<td style=\"border: 1px solid #FFFFFF; padding: 3px 0px 3px 5px; vertical-align: middle; background-color: #f2f2f2;\" colspan=\"18\">Color<\/td>\n<td style=\"border: 1px solid #FFFFFF; padding: 3px 0px 3px 5px; vertical-align: middle; background-color: #f2f2f2;\" colspan=\"42\">White<\/td>\n<\/tr>\n<tr>\n<td style=\"border: 1px solid #FFFFFF; padding: 3px 0px 3px 5px; vertical-align: middle; background-color: #c3c5c5; font-weight: bold;\" colspan=\"60\">Electrical<\/td>\n<\/tr>\n<tr>\n<td style=\"border: 1px solid #FFFFFF; padding: 3px 0px 3px 5px; vertical-align: middle; background-color: #f2f2f2;\" colspan=\"18\">Max. DC Resistance of a Single Conductor<\/td>\n<td style=\"border: 1px solid #FFFFFF; padding: 3px 0px 3px 5px; vertical-align: middle; background-color: #f2f2f2;\" colspan=\"42\">12\u03a9\/100 m<\/td>\n<\/tr>\n<tr>\n<td style=\"border: 1px solid #FFFFFF; padding: 3px 0px 3px 5px; vertical-align: middle; background-color: #f2f2f2;\" colspan=\"18\">Min. Insulation Resistance<\/td>\n<td style=\"border: 1px solid #FFFFFF; padding: 3px 0px 3px 5px; vertical-align: middle; background-color: #f2f2f2;\" colspan=\"42\">5000M\u03a9\u00b7km<\/td>\n<\/tr>\n<tr>\n<td style=\"border: 1px solid #FFFFFF; padding: 3px 0px 3px 5px; vertical-align: middle; background-color: #f2f2f2;\" colspan=\"18\">Max. DC Resistance Unbalance<\/td>\n<td style=\"border: 1px solid #FFFFFF; padding: 3px 0px 3px 5px; vertical-align: middle; background-color: #f2f2f2;\" colspan=\"42\">2% (pair intra), 4% (pairs inter)<\/td>\n<\/tr>\n<tr>\n<td style=\"border: 1px solid #FFFFFF; padding: 3px 0px 3px 5px; vertical-align: middle; background-color: #f2f2f2;\" colspan=\"18\">Dielectric Strength<\/td>\n<td style=\"border: 1px solid #FFFFFF; padding: 3px 0px 3px 5px; vertical-align: middle; background-color: #f2f2f2;\" colspan=\"42\">No breakdown with 1KV DC for 1 min<\/td>\n<\/tr>\n<tr>\n<td style=\"border: 1px solid #FFFFFF; padding: 3px 0px 3px 5px; vertical-align: middle; background-color: #c3c5c5; font-weight: bold;\" colspan=\"60\">Transmission<\/td>\n<\/tr>\n<tr>\n<td style=\"border: 1px solid #FFFFFF; padding: 3px 0px 3px 5px; vertical-align: middle; background-color: #f2f2f2;\" colspan=\"18\">Characteristic Impedance<\/td>\n<td style=\"border: 1px solid #FFFFFF; padding: 3px 0px 3px 5px; vertical-align: middle; background-color: #f2f2f2;\" colspan=\"42\">100 \u00b1 15\u03a9<\/td>\n<\/tr>\n<tr>\n<td style=\"border: 1px solid #FFFFFF; padding: 3px 0px 3px 5px; vertical-align: middle; background-color: #f2f2f2;\" colspan=\"18\">Near End Cross Talk<\/td>\n<td style=\"border: 1px solid #FFFFFF; padding: 3px 0px 3px 5px; vertical-align: middle; background-color: #f2f2f2;\" colspan=\"42\">\u226535.30 dB\/100 m@100 MHz<\/td>\n<\/tr>\n<tr>\n<td style=\"border: 1px solid #FFFFFF; padding: 3px 0px 3px 5px; vertical-align: middle; background-color: #f2f2f2;\" colspan=\"18\">Max. Attenuation<\/td>\n<td style=\"border: 1px solid #FFFFFF; padding: 3px 0px 3px 5px; vertical-align: middle; background-color: #f2f2f2;\" colspan=\"42\">24.2 dB\/100 m@100 MHz<\/td>\n<\/tr>\n<tr>\n<td style=\"border: 1px solid #FFFFFF; padding: 3px 0px 3px 5px; vertical-align: middle; background-color: #f2f2f2;\" colspan=\"18\">Return Loss<\/td>\n<td style=\"border: 1px solid #FFFFFF; padding: 3px 0px 3px 5px; vertical-align: middle; background-color: #f2f2f2;\" colspan=\"42\">\u226520.1 dB\/100 m@100 MHz<\/td>\n<\/tr>\n<tr>\n<td style=\"border: 1px solid #FFFFFF; padding: 3px 0px 3px 5px; vertical-align: middle; background-color: #c3c5c5; font-weight: bold;\" colspan=\"60\">Mechanical<\/td>\n<\/tr>\n<tr>\n<td style=\"border: 1px solid #FFFFFF; padding: 3px 0px 3px 5px; vertical-align: middle; background-color: #f2f2f2;\" colspan=\"18\">Tensile Strength<\/td>\n<td style=\"border: 1px solid #FFFFFF; padding: 3px 0px 3px 5px; vertical-align: middle; background-color: #f2f2f2;\" colspan=\"42\">Sheath\u226513.5 MPa, insulation\u226516 MPa<\/td>\n<\/tr>\n<tr>\n<td style=\"border: 1px solid #FFFFFF; padding: 3px 0px 3px 5px; vertical-align: middle; background-color: #f2f2f2;\" colspan=\"18\">Elongation at Break<\/td>\n<td style=\"border: 1px solid #FFFFFF; padding: 3px 0px 3px 5px; vertical-align: middle; background-color: #f2f2f2;\" colspan=\"42\">Sheath\u2265150%, insulation\u2265300%<\/td>\n<\/tr>\n<tr>\n<td style=\"border: 1px solid #FFFFFF; padding: 3px 0px 3px 5px; vertical-align: middle; background-color: #f2f2f2;\" colspan=\"18\">Installation Bending Radius<\/td>\n<td style=\"border: 1px solid #FFFFFF; padding: 3px 0px 3px 5px; vertical-align: middle; background-color: #f2f2f2;\" colspan=\"42\">&gt;8 times of outer cable diameter<\/td>\n<\/tr>\n<tr>\n<td style=\"border: 1px solid #FFFFFF; padding: 3px 0px 3px 5px; vertical-align: middle; background-color: #f2f2f2;\" colspan=\"18\">Conductor Elongation at Break<\/td>\n<td style=\"border: 1px solid #FFFFFF; padding: 3px 0px 3px 5px; vertical-align: middle; background-color: #f2f2f2;\" colspan=\"42\">\u226510%<\/td>\n<\/tr>\n<tr>\n<td style=\"border: 1px solid #FFFFFF; padding: 3px 0px 3px 5px; vertical-align: middle; background-color: #c3c5c5; font-weight: bold;\" colspan=\"60\">Environmental<\/td>\n<\/tr>\n<tr>\n<td style=\"border: 1px solid #FFFFFF; padding: 3px 0px 3px 5px; vertical-align: middle; background-color: #f2f2f2;\" colspan=\"18\">Shrinkage of Insulation<\/td>\n<td style=\"border: 1px solid #FFFFFF; padding: 3px 0px 3px 5px; vertical-align: middle; background-color: #f2f2f2;\" colspan=\"42\">\u22645%<\/td>\n<\/tr>\n<tr>\n<td style=\"border: 1px solid #FFFFFF; padding: 3px 0px 3px 5px; vertical-align: middle; background-color: #f2f2f2;\" colspan=\"18\">Color Migration Resistance of Insulation<\/td>\n<td style=\"border: 1px solid #FFFFFF; padding: 3px 0px 3px 5px; vertical-align: middle; background-color: #f2f2f2;\" colspan=\"42\">No migration<\/td>\n<\/tr>\n<tr>\n<td style=\"border: 1px solid #FFFFFF; padding: 3px 0px 3px 5px; vertical-align: middle; background-color: #f2f2f2;\" colspan=\"18\">Sheath Tensile Strength and Elongation at Break after Aging<\/td>\n<td style=\"border: 1px solid #FFFFFF; padding: 3px 0px 3px 5px; vertical-align: middle; background-color: #f2f2f2;\" colspan=\"42\">\u226512.5 MPa, \u2265100%<\/td>\n<\/tr>\n<tr>\n<td style=\"border: 1px solid #FFFFFF; padding: 3px 0px 3px 5px; vertical-align: middle; background-color: #f2f2f2;\" colspan=\"18\">Low Temperature Bending Test<\/td>\n<td style=\"border: 1px solid #FFFFFF; padding: 3px 0px 3px 5px; vertical-align: middle; background-color: #f2f2f2;\" colspan=\"42\">No cracking after the test<\/td>\n<\/tr>\n<tr>\n<td style=\"border: 1px solid #FFFFFF; padding: 3px 0px 3px 5px; vertical-align: middle; background-color: #f2f2f2;\" colspan=\"18\">Heat Shock Test<\/td>\n<td style=\"border: 1px solid #FFFFFF; padding: 3px 0px 3px 5px; vertical-align: middle; background-color: #f2f2f2;\" colspan=\"42\">No cracking after the test<\/td>\n<\/tr>\n<tr>\n<td style=\"border: 1px solid #FFFFFF; padding: 3px 0px 3px 5px; vertical-align: middle; background-color: #f2f2f2;\" colspan=\"18\">Operating Temperature<\/td>\n<td style=\"border: 1px solid #FFFFFF; padding: 3px 0px 3px 5px; vertical-align: middle; background-color: #f2f2f2;\" colspan=\"42\">\u201320\u00b0C to +60\u00b0C (\u20134\u00b0F to 140\u00b0F)<\/td>\n<\/tr>\n<tr>\n<td style=\"border: 1px solid #FFFFFF; padding: 3px 0px 3px 5px; vertical-align: middle; background-color: #f2f2f2;\" colspan=\"18\">Installation Temperature<\/td>\n<td style=\"border: 1px solid #FFFFFF; padding: 3px 0px 3px 5px; vertical-align: middle; background-color: #f2f2f2;\" colspan=\"42\">0\u00b0C to +50\u00b0C (32\u00b0F to 122\u00b0F)<\/td>\n<\/tr>\n<tr>\n<td style=\"border: 1px solid #FFFFFF; padding: 3px 0px 3px 5px; vertical-align: middle; background-color: #f2f2f2;\" colspan=\"18\">Storage Temperature and Humidity<\/td>\n<td style=\"border: 1px solid #FFFFFF; padding: 3px 0px 3px 5px; vertical-align: middle; background-color: #f2f2f2;\" colspan=\"42\">\u201310\u00b0C to +40\u00b0C (14\u00b0F to 104\u00b0F), &lt;60% (RH)<\/td>\n<\/tr>\n<tr>\n<td style=\"border: 1px solid #FFFFFF; padding: 3px 0px 3px 5px; vertical-align: middle; background-color: #c3c5c5; font-weight: bold;\" colspan=\"60\">Security<\/td>\n<\/tr>\n<tr>\n<td style=\"border: 1px solid #FFFFFF; padding: 3px 0px 3px 5px; vertical-align: middle; background-color: #f2f2f2;\" colspan=\"18\">Vertical Fire Propagation Test<\/td>\n<td style=\"border: 1px solid #FFFFFF; padding: 3px 0px 3px 5px; vertical-align: middle; background-color: #f2f2f2;\" colspan=\"42\">Comply with IEC 60332-1-2<\/td>\n<\/tr>\n<tr>\n<td style=\"border: 1px solid #FFFFFF; padding: 3px 0px 3px 5px; vertical-align: middle; background-color: #c3c5c5; font-weight: bold;\" colspan=\"60\">Packaging<\/td>\n<\/tr>\n<tr>\n<td style=\"border: 1px solid #FFFFFF; padding: 3px 0px 3px 5px; vertical-align: middle; background-color: #f2f2f2;\" colspan=\"18\">Cable Length<\/td>\n<td style=\"border: 1px solid #FFFFFF; padding: 3px 0px 3px 5px; vertical-align: middle; background-color: #f2f2f2;\" colspan=\"42\">305.0 m (1000.66 ft) \u00b1 1.5 m (4.92 ft)<\/td>\n<\/tr>\n<tr>\n<td style=\"border: 1px solid #FFFFFF; padding: 3px 0px 3px 5px; vertical-align: middle; background-color: #f2f2f2;\" colspan=\"18\">Inner Carton Dimensions<\/td>\n<td style=\"border: 1px solid #FFFFFF; padding: 3px 0px 3px 5px; vertical-align: middle; background-color: #f2f2f2;\" colspan=\"42\">364.0 mm \u00d7 364.0 mm \u00d7 216.0 mm<\/p>\n<p>(14.33&#8243; \u00d7 14.33&#8243; \u00d7 8.50&#8243;) (L \u00d7 W \u00d7 H)<\/td>\n<\/tr>\n<tr>\n<td style=\"border: 1px solid #FFFFFF; padding: 3px 0px 3px 5px; vertical-align: middle; background-color: #f2f2f2;\" colspan=\"18\">Packaging Method<\/td>\n<td style=\"border: 1px solid #FFFFFF; padding: 3px 0px 3px 5px; vertical-align: middle; background-color: #f2f2f2;\" colspan=\"42\">305.0 m (1000.66 ft) a carton, 45 pcs\/pallet<\/p>\n<p>&nbsp;<\/td>\n<\/tr>\n<tr>\n<td style=\"border: 1px solid #FFFFFF; padding: 3px 0px 3px 5px; vertical-align: middle; background-color: #f2f2f2;\" colspan=\"18\">Net Weight<\/td>\n<td style=\"border: 1px solid #FFFFFF; padding: 3px 0px 3px 5px; vertical-align: middle; background-color: #f2f2f2;\" colspan=\"42\">\u22657.0 kg (15.43 lb)<\/td>\n<\/tr>\n<tr>\n<td style=\"border: 1px solid #FFFFFF; padding: 3px 0px 3px 5px; vertical-align: middle; background-color: #f2f2f2;\" colspan=\"18\">Gross Weight<\/td>\n<td style=\"border: 1px solid #FFFFFF; padding: 3px 0px 3px 5px; vertical-align: middle; background-color: #f2f2f2;\" colspan=\"42\">\u22658.0 kg (17.64 lb)<\/td>\n<\/tr>\n<tr>\n<td style=\"border: 1px solid #FFFFFF; padding: 3px 0px 3px 5px; vertical-align: middle; background-color: #c3c5c5; font-weight: bold;\" colspan=\"60\">Compliance<\/td>\n<\/tr>\n<tr>\n<td style=\"border: 1px solid #FFFFFF; padding: 3px 0px 3px 5px; vertical-align: middle; background-color: #f2f2f2;\" colspan=\"18\">Executive Standards<\/td>\n<td style=\"border: 1px solid #FFFFFF; padding: 3px 0px 3px 5px; vertical-align: middle; background-color: #f2f2f2;\" colspan=\"42\">Q\/DXJ 067-2019, EN50575-2014<\/td>\n<\/tr>\n<tr>\n<td style=\"border: 1px solid #FFFFFF; padding: 3px 0px 3px 5px; vertical-align: middle; background-color: #c3c5c5; font-weight: bold;\" colspan=\"60\">Certification<\/td>\n<\/tr>\n<tr>\n<td style=\"border: 1px solid #FFFFFF; padding: 3px 0px 3px 5px; vertical-align: middle; background-color: #f2f2f2;\" colspan=\"18\">Certification<\/td>\n<td style=\"border: 1px solid #FFFFFF; padding: 3px 0px 3px 5px; vertical-align: middle; background-color: #f2f2f2;\" colspan=\"42\">CPR Eca<\/td>\n<\/tr>\n<\/tbody>\n<\/table>\n","protected":false},"excerpt":{"rendered":"<p>&gt; 305 m (1000 ft)\/carton UTP CAT5e, power over Ethernet, compatible with one cable<\/p>\n<p>&gt; High-purity oxygen-free copper conductor<\/p>\n<p>&gt; Customized PVC outer sheath; CE CPR Eca flame retardant class certified<\/p>\n<p>&gt; 10-year warranty<\/p>\n","protected":false},"featured_media":12538,"comment_status":"open","ping_status":"closed","template":"","meta":[],"product_cat":[170,171],"product_tag":[],"class_list":{"0":"post-13062","1":"product","2":"type-product","3":"status-publish","4":"has-post-thumbnail","6":"product_cat-kabelebi-en","7":"product_cat-lan-kabelebi-en","8":"pa_brand-dahua-en","10":"first","11":"instock","12":"shipping-taxable","13":"purchasable","14":"product-type-simple"},"_links":{"self":[{"href":"https:\/\/bigchoice.ge\/en\/wp-json\/wp\/v2\/product\/13062","targetHints":{"allow":["GET"]}}],"collection":[{"href":"https:\/\/bigchoice.ge\/en\/wp-json\/wp\/v2\/product"}],"about":[{"href":"https:\/\/bigchoice.ge\/en\/wp-json\/wp\/v2\/types\/product"}],"replies":[{"embeddable":true,"href":"https:\/\/bigchoice.ge\/en\/wp-json\/wp\/v2\/comments?post=13062"}],"version-history":[{"count":1,"href":"https:\/\/bigchoice.ge\/en\/wp-json\/wp\/v2\/product\/13062\/revisions"}],"predecessor-version":[{"id":13065,"href":"https:\/\/bigchoice.ge\/en\/wp-json\/wp\/v2\/product\/13062\/revisions\/13065"}],"wp:featuredmedia":[{"embeddable":true,"href":"https:\/\/bigchoice.ge\/en\/wp-json\/wp\/v2\/media\/12538"}],"wp:attachment":[{"href":"https:\/\/bigchoice.ge\/en\/wp-json\/wp\/v2\/media?parent=13062"}],"wp:term":[{"taxonomy":"product_cat","embeddable":true,"href":"https:\/\/bigchoice.ge\/en\/wp-json\/wp\/v2\/product_cat?post=13062"},{"taxonomy":"product_tag","embeddable":true,"href":"https:\/\/bigchoice.ge\/en\/wp-json\/wp\/v2\/product_tag?post=13062"}],"curies":[{"name":"wp","href":"https:\/\/api.w.org\/{rel}","templated":true}]}}