{"id":12986,"date":"2023-04-29T14:39:30","date_gmt":"2023-04-29T10:39:30","guid":{"rendered":"https:\/\/bigchoice.ge\/product\/4-%e1%83%90%e1%83%a0%e1%83%ae%e1%83%98%e1%83%90%e1%83%9c%e1%83%98-%e1%83%a9%e1%83%90%e1%83%9b%e1%83%ac%e1%83%94%e1%83%a0%e1%83%98-xvr4104hs-i-4-channels-penta-brid-1080n-720p-compact-1u-1hdd-wizsense\/"},"modified":"2024-11-05T23:20:32","modified_gmt":"2024-11-05T19:20:32","slug":"4-%e1%83%90%e1%83%a0%e1%83%ae%e1%83%98%e1%83%90%e1%83%9c%e1%83%98-%e1%83%a9%e1%83%90%e1%83%9b%e1%83%ac%e1%83%94%e1%83%a0%e1%83%98-xvr4104hs-i-4-channels-penta-brid-1080n-720p-compact-1u-1hdd-wizsense","status":"publish","type":"product","link":"https:\/\/bigchoice.ge\/en\/product\/4-%e1%83%90%e1%83%a0%e1%83%ae%e1%83%98%e1%83%90%e1%83%9c%e1%83%98-%e1%83%a9%e1%83%90%e1%83%9b%e1%83%ac%e1%83%94%e1%83%a0%e1%83%98-xvr4104hs-i-4-channels-penta-brid-1080n-720p-compact-1u-1hdd-wizsense\/","title":{"rendered":"4-channel recorder XVR4104HS-I 4 Channels Penta-brid 1080N\/720p Compact 1U 1HDD WizSense Digital Video Recorder"},"content":{"rendered":"<table id=\"table001\" class=\"NEW-TABLE TableOverride-1 tab-drag\" style=\"width: 100%; border-spacing: 0px; table-layout: fixed; overflow-wrap: break-word;\">\n<tbody>\n<tr>\n<td style=\"border: 1px solid #FFFFFF; padding: 3px 0px 3px 5px; vertical-align: middle; background-color: #c3c5c5; font-weight: bold;\" colspan=\"60\">System<\/td>\n<\/tr>\n<tr>\n<td style=\"border: 1px solid #FFFFFF; padding: 3px 0px 3px 5px; vertical-align: middle; background-color: #f2f2f2;\" colspan=\"18\">Main Processor<\/td>\n<td style=\"border: 1px solid #FFFFFF; padding: 3px 0px 3px 5px; vertical-align: middle; background-color: #f2f2f2;\" colspan=\"42\">Industrial-grade processor<\/td>\n<\/tr>\n<tr>\n<td style=\"border: 1px solid #FFFFFF; padding: 3px 0px 3px 5px; vertical-align: middle; background-color: #f2f2f2;\" colspan=\"18\">Operating System<\/td>\n<td style=\"border: 1px solid #FFFFFF; padding: 3px 0px 3px 5px; vertical-align: middle; background-color: #f2f2f2;\" colspan=\"42\">Embedded Linux<\/td>\n<\/tr>\n<tr>\n<td style=\"border: 1px solid #FFFFFF; padding: 3px 0px 3px 5px; vertical-align: middle; background-color: #f2f2f2;\" colspan=\"18\">Operating Interface<\/td>\n<td style=\"border: 1px solid #FFFFFF; padding: 3px 0px 3px 5px; vertical-align: middle; background-color: #f2f2f2;\" colspan=\"42\">Web; Local GUI<\/td>\n<\/tr>\n<tr>\n<td style=\"border: 1px solid #FFFFFF; padding: 3px 0px 3px 5px; vertical-align: middle; background-color: #c3c5c5; font-weight: bold;\" colspan=\"60\">SMD Plus<\/td>\n<\/tr>\n<tr>\n<td style=\"border: 1px solid #FFFFFF; padding: 3px 0px 3px 5px; vertical-align: middle; background-color: #f2f2f2;\" colspan=\"18\">SMD Plus by Recorder<\/td>\n<td style=\"border: 1px solid #FFFFFF; padding: 3px 0px 3px 5px; vertical-align: middle; background-color: #f2f2f2;\" colspan=\"42\">4-channel: Secondary filtering for human and motor vehicle , reducing false alarms caused by leaves, rain and lighting condition change<\/td>\n<\/tr>\n<tr>\n<td style=\"border: 1px solid #FFFFFF; padding: 3px 0px 3px 5px; vertical-align: middle; background-color: #c3c5c5; font-weight: bold;\" colspan=\"60\">Audio and Video<\/td>\n<\/tr>\n<tr>\n<td style=\"border: 1px solid #FFFFFF; padding: 3px 0px 3px 5px; vertical-align: middle; background-color: #f2f2f2;\" colspan=\"18\">Analog Camera Input<\/td>\n<td style=\"border: 1px solid #FFFFFF; padding: 3px 0px 3px 5px; vertical-align: middle; background-color: #f2f2f2;\" colspan=\"42\">4 channels, BNC: adaptive access by default; HDCVI, AHD, TVI and CVBS access can be configured.<\/td>\n<\/tr>\n<tr>\n<td style=\"border: 1px solid #FFFFFF; padding: 3px 0px 3px 5px; vertical-align: middle; background-color: #f2f2f2;\" colspan=\"18\">Camera Input<\/td>\n<td style=\"border: 1px solid #FFFFFF; padding: 3px 0px 3px 5px; vertical-align: middle; background-color: #f2f2f2;\" colspan=\"42\">1. CVI: 1080p@ 25\/30 fps, 720p@25\/30 fps<br \/>\n2. TVI: 1080p@ 25\/30 fps, 720p@25\/30 fps<br \/>\n3. AHD: 1080p@ 25\/30 fps, 720p@25\/30 fps<br \/>\n4. CVBS: PAL\/NTSC<\/td>\n<\/tr>\n<tr>\n<td style=\"border: 1px solid #FFFFFF; padding: 3px 0px 3px 5px; vertical-align: middle; background-color: #f2f2f2;\" colspan=\"18\">IP Camera Input<\/td>\n<td style=\"border: 1px solid #FFFFFF; padding: 3px 0px 3px 5px; vertical-align: middle; background-color: #f2f2f2;\" colspan=\"42\">Up to 5 channels of IPC access<\/p>\n<p>1 IP channels by default + 4 channels (analog channels are converted to IP channels)<\/p>\n<p>incoming bandwidth: 32 Mbps, recording bandwidth: 32 Mbps and outgoing bandwidth: 32 Mbps<\/p>\n<p>*After IP channels are added beyond the existing channels, the AI Function (SMD) will be disabled.<\/td>\n<\/tr>\n<tr>\n<td style=\"border: 1px solid #FFFFFF; padding: 3px 0px 3px 5px; vertical-align: middle; background-color: #f2f2f2;\" colspan=\"18\">Encoding Capacity<\/td>\n<td style=\"border: 1px solid #FFFFFF; padding: 3px 0px 3px 5px; vertical-align: middle; background-color: #f2f2f2;\" colspan=\"42\">Main Stream:<\/p>\n<p>All channels 1080N\/720p\/960H\/D1\/CIF\/(1 fps\u201325\/30 fps)<\/p>\n<p>Sub stream:<\/p>\n<p>CIF\/(1 fps\u201315 fps)<\/td>\n<\/tr>\n<tr>\n<td style=\"border: 1px solid #FFFFFF; padding: 3px 0px 3px 5px; vertical-align: middle; background-color: #f2f2f2;\" colspan=\"18\">Dual-stream<\/td>\n<td style=\"border: 1px solid #FFFFFF; padding: 3px 0px 3px 5px; vertical-align: middle; background-color: #f2f2f2;\" colspan=\"42\">Yes<\/td>\n<\/tr>\n<tr>\n<td style=\"border: 1px solid #FFFFFF; padding: 3px 0px 3px 5px; vertical-align: middle; background-color: #f2f2f2;\" colspan=\"18\">Video Bit Rate<\/td>\n<td style=\"border: 1px solid #FFFFFF; padding: 3px 0px 3px 5px; vertical-align: middle; background-color: #f2f2f2;\" colspan=\"42\">32 kbps\u20136144 kbps<\/td>\n<\/tr>\n<tr>\n<td style=\"border: 1px solid #FFFFFF; padding: 3px 0px 3px 5px; vertical-align: middle; background-color: #f2f2f2;\" colspan=\"18\">Audio Sampling<\/td>\n<td style=\"border: 1px solid #FFFFFF; padding: 3px 0px 3px 5px; vertical-align: middle; background-color: #f2f2f2;\" colspan=\"42\">8 kHz, 16 bit<\/td>\n<\/tr>\n<tr>\n<td style=\"border: 1px solid #FFFFFF; padding: 3px 0px 3px 5px; vertical-align: middle; background-color: #f2f2f2;\" colspan=\"18\">Audio Bit Rate<\/td>\n<td style=\"border: 1px solid #FFFFFF; padding: 3px 0px 3px 5px; vertical-align: middle; background-color: #f2f2f2;\" colspan=\"42\">64 kbps<\/td>\n<\/tr>\n<tr>\n<td style=\"border: 1px solid #FFFFFF; padding: 3px 0px 3px 5px; vertical-align: middle; background-color: #f2f2f2;\" colspan=\"18\">Video Output<\/td>\n<td style=\"border: 1px solid #FFFFFF; padding: 3px 0px 3px 5px; vertical-align: middle; background-color: #f2f2f2;\" colspan=\"42\">1 HDMI, 1 VGA<\/p>\n<p>HDMI\/VGA : 1920 \u00d7 1080, 1280 \u00d7 1024, 1280 \u00d7 720<\/td>\n<\/tr>\n<tr>\n<td style=\"border: 1px solid #FFFFFF; padding: 3px 0px 3px 5px; vertical-align: middle; background-color: #f2f2f2;\" colspan=\"18\">Multi-screen Display<\/td>\n<td style=\"border: 1px solid #FFFFFF; padding: 3px 0px 3px 5px; vertical-align: middle; background-color: #f2f2f2;\" colspan=\"42\">When IP extension mode not enabled: 1\/4<br \/>\nWhen IP extension mode enabled: 1\/4\/6<\/td>\n<\/tr>\n<tr>\n<td style=\"border: 1px solid #FFFFFF; padding: 3px 0px 3px 5px; vertical-align: middle; background-color: #f2f2f2;\" colspan=\"18\">Third-party Camera Access<\/td>\n<td style=\"border: 1px solid #FFFFFF; padding: 3px 0px 3px 5px; vertical-align: middle; background-color: #f2f2f2;\" colspan=\"42\">ONVIF; Panasonic; Sony; Axis; Arecont; Pelco; Canon; Samsung<\/td>\n<\/tr>\n<tr>\n<td style=\"border: 1px solid #FFFFFF; padding: 3px 0px 3px 5px; vertical-align: middle; background-color: #c3c5c5; font-weight: bold;\" colspan=\"60\">Compression Standard<\/td>\n<\/tr>\n<tr>\n<td style=\"border: 1px solid #FFFFFF; padding: 3px 0px 3px 5px; vertical-align: middle; background-color: #f2f2f2;\" colspan=\"18\">Video Compression<\/td>\n<td style=\"border: 1px solid #FFFFFF; padding: 3px 0px 3px 5px; vertical-align: middle; background-color: #f2f2f2;\" colspan=\"42\">AI Coding; H.265+; H.265; H.264+; H.264<\/td>\n<\/tr>\n<tr>\n<td style=\"border: 1px solid #FFFFFF; padding: 3px 0px 3px 5px; vertical-align: middle; background-color: #f2f2f2;\" colspan=\"18\">Audio Compression<\/td>\n<td style=\"border: 1px solid #FFFFFF; padding: 3px 0px 3px 5px; vertical-align: middle; background-color: #f2f2f2;\" colspan=\"42\">G.711a; G.711u; PCM<\/td>\n<\/tr>\n<tr>\n<td style=\"border: 1px solid #FFFFFF; padding: 3px 0px 3px 5px; vertical-align: middle; background-color: #c3c5c5; font-weight: bold;\" colspan=\"60\">Network<\/td>\n<\/tr>\n<tr>\n<td style=\"border: 1px solid #FFFFFF; padding: 3px 0px 3px 5px; vertical-align: middle; background-color: #f2f2f2;\" colspan=\"18\">Network Protocol<\/td>\n<td style=\"border: 1px solid #FFFFFF; padding: 3px 0px 3px 5px; vertical-align: middle; background-color: #f2f2f2;\" colspan=\"42\">HTTP; HTTPS; TCP\/IP; IPv4; RTSP; UDP; SMTP; NTP; DHCP; DNS; DDNS; P2P<\/td>\n<\/tr>\n<tr>\n<td style=\"border: 1px solid #FFFFFF; padding: 3px 0px 3px 5px; vertical-align: middle; background-color: #f2f2f2;\" colspan=\"18\">Mobile Phone Access<\/td>\n<td style=\"border: 1px solid #FFFFFF; padding: 3px 0px 3px 5px; vertical-align: middle; background-color: #f2f2f2;\" colspan=\"42\">iOS; Android<\/td>\n<\/tr>\n<tr>\n<td style=\"border: 1px solid #FFFFFF; padding: 3px 0px 3px 5px; vertical-align: middle; background-color: #f2f2f2;\" colspan=\"18\">Interoperability<\/td>\n<td style=\"border: 1px solid #FFFFFF; padding: 3px 0px 3px 5px; vertical-align: middle; background-color: #f2f2f2;\" colspan=\"42\">ONVIF 21.06; CGI Conformant<\/td>\n<\/tr>\n<tr>\n<td style=\"border: 1px solid #FFFFFF; padding: 3px 0px 3px 5px; vertical-align: middle; background-color: #f2f2f2;\" colspan=\"18\">Browser<\/td>\n<td style=\"border: 1px solid #FFFFFF; padding: 3px 0px 3px 5px; vertical-align: middle; background-color: #f2f2f2;\" colspan=\"42\">Chrome<br \/>\nIE9 or later<br \/>\nFirefox<\/td>\n<\/tr>\n<tr>\n<td style=\"border: 1px solid #FFFFFF; padding: 3px 0px 3px 5px; vertical-align: middle; background-color: #f2f2f2;\" colspan=\"18\">Network Mode<\/td>\n<td style=\"border: 1px solid #FFFFFF; padding: 3px 0px 3px 5px; vertical-align: middle; background-color: #f2f2f2;\" colspan=\"42\">Single-address mode<\/td>\n<\/tr>\n<tr>\n<td style=\"border: 1px solid #FFFFFF; padding: 3px 0px 3px 5px; vertical-align: middle; background-color: #c3c5c5; font-weight: bold;\" colspan=\"60\">Recording Playback<\/td>\n<\/tr>\n<tr>\n<td style=\"border: 1px solid #FFFFFF; padding: 3px 0px 3px 5px; vertical-align: middle; background-color: #f2f2f2;\" colspan=\"18\">Record Mode<\/td>\n<td style=\"border: 1px solid #FFFFFF; padding: 3px 0px 3px 5px; vertical-align: middle; background-color: #f2f2f2;\" colspan=\"42\">General, motion detection, alarm<\/td>\n<\/tr>\n<tr>\n<td style=\"border: 1px solid #FFFFFF; padding: 3px 0px 3px 5px; vertical-align: middle; background-color: #f2f2f2;\" colspan=\"18\">Recording Playback<\/td>\n<td style=\"border: 1px solid #FFFFFF; padding: 3px 0px 3px 5px; vertical-align: middle; background-color: #f2f2f2;\" colspan=\"42\">1\/4<\/td>\n<\/tr>\n<tr>\n<td style=\"border: 1px solid #FFFFFF; padding: 3px 0px 3px 5px; vertical-align: middle; background-color: #f2f2f2;\" colspan=\"18\">Backup Method<\/td>\n<td style=\"border: 1px solid #FFFFFF; padding: 3px 0px 3px 5px; vertical-align: middle; background-color: #f2f2f2;\" colspan=\"42\">USB device and network<\/td>\n<\/tr>\n<tr>\n<td style=\"border: 1px solid #FFFFFF; padding: 3px 0px 3px 5px; vertical-align: middle; background-color: #f2f2f2;\" colspan=\"18\">Playback Mode<\/td>\n<td style=\"border: 1px solid #FFFFFF; padding: 3px 0px 3px 5px; vertical-align: middle; background-color: #f2f2f2;\" colspan=\"42\">Instant playback, general playback, event playback, tag playback<\/td>\n<\/tr>\n<tr>\n<td style=\"border: 1px solid #FFFFFF; padding: 3px 0px 3px 5px; vertical-align: middle; background-color: #c3c5c5; font-weight: bold;\" colspan=\"60\">Alarm<\/td>\n<\/tr>\n<tr>\n<td style=\"border: 1px solid #FFFFFF; padding: 3px 0px 3px 5px; vertical-align: middle; background-color: #f2f2f2;\" colspan=\"18\">General Alarm<\/td>\n<td style=\"border: 1px solid #FFFFFF; padding: 3px 0px 3px 5px; vertical-align: middle; background-color: #f2f2f2;\" colspan=\"42\">Motion detection, video loss, tampering<\/td>\n<\/tr>\n<tr>\n<td style=\"border: 1px solid #FFFFFF; padding: 3px 0px 3px 5px; vertical-align: middle; background-color: #f2f2f2;\" colspan=\"18\">Anomaly Alarm<\/td>\n<td style=\"border: 1px solid #FFFFFF; padding: 3px 0px 3px 5px; vertical-align: middle; background-color: #f2f2f2;\" colspan=\"42\">No disk, disk error, low space, offline, ip conflict, MAC conflict<\/td>\n<\/tr>\n<tr>\n<td style=\"border: 1px solid #FFFFFF; padding: 3px 0px 3px 5px; vertical-align: middle; background-color: #f2f2f2;\" colspan=\"18\">Alarm Linkage<\/td>\n<td style=\"border: 1px solid #FFFFFF; padding: 3px 0px 3px 5px; vertical-align: middle; background-color: #f2f2f2;\" colspan=\"42\">Record, snapshot (panoramic), IPC external alarm output, access controller, voice prompt, buzzer, log, preset, email<\/td>\n<\/tr>\n<tr>\n<td style=\"border: 1px solid #FFFFFF; padding: 3px 0px 3px 5px; vertical-align: middle; background-color: #c3c5c5; font-weight: bold;\" colspan=\"60\">Ports<\/td>\n<\/tr>\n<tr>\n<td style=\"border: 1px solid #FFFFFF; padding: 3px 0px 3px 5px; vertical-align: middle; background-color: #f2f2f2;\" colspan=\"18\">Audio Input<\/td>\n<td style=\"border: 1px solid #FFFFFF; padding: 3px 0px 3px 5px; vertical-align: middle; background-color: #f2f2f2;\" colspan=\"42\">1-channel RCA<\/p>\n<p>4-channel BNC (Coaxial Audio)<\/td>\n<\/tr>\n<tr>\n<td style=\"border: 1px solid #FFFFFF; padding: 3px 0px 3px 5px; vertical-align: middle; background-color: #f2f2f2;\" colspan=\"18\">Audio Output<\/td>\n<td style=\"border: 1px solid #FFFFFF; padding: 3px 0px 3px 5px; vertical-align: middle; background-color: #f2f2f2;\" colspan=\"42\">1-channel RCA<\/td>\n<\/tr>\n<tr>\n<td style=\"border: 1px solid #FFFFFF; padding: 3px 0px 3px 5px; vertical-align: middle; background-color: #f2f2f2;\" colspan=\"18\">Two-way Talk<\/td>\n<td style=\"border: 1px solid #FFFFFF; padding: 3px 0px 3px 5px; vertical-align: middle; background-color: #f2f2f2;\" colspan=\"42\">Yes (share the same audio input with the first channel)<\/td>\n<\/tr>\n<tr>\n<td style=\"border: 1px solid #FFFFFF; padding: 3px 0px 3px 5px; vertical-align: middle; background-color: #f2f2f2;\" colspan=\"18\">HDD Interface<\/td>\n<td style=\"border: 1px solid #FFFFFF; padding: 3px 0px 3px 5px; vertical-align: middle; background-color: #f2f2f2;\" colspan=\"42\">1 SATA port, up to 16 TB.The maximum HDD capacity varies with environment temperature.<\/td>\n<\/tr>\n<tr>\n<td style=\"border: 1px solid #FFFFFF; padding: 3px 0px 3px 5px; vertical-align: middle; background-color: #f2f2f2;\" colspan=\"18\">RS-485<\/td>\n<td style=\"border: 1px solid #FFFFFF; padding: 3px 0px 3px 5px; vertical-align: middle; background-color: #f2f2f2;\" colspan=\"42\">1 port, for PTZ control<\/td>\n<\/tr>\n<tr>\n<td style=\"border: 1px solid #FFFFFF; padding: 3px 0px 3px 5px; vertical-align: middle; background-color: #f2f2f2;\" colspan=\"18\">USB<\/td>\n<td style=\"border: 1px solid #FFFFFF; padding: 3px 0px 3px 5px; vertical-align: middle; background-color: #f2f2f2;\" colspan=\"42\">2 USB ports (USB 2.0)<\/td>\n<\/tr>\n<tr>\n<td style=\"border: 1px solid #FFFFFF; padding: 3px 0px 3px 5px; vertical-align: middle; background-color: #f2f2f2;\" colspan=\"18\">HDMI<\/td>\n<td style=\"border: 1px solid #FFFFFF; padding: 3px 0px 3px 5px; vertical-align: middle; background-color: #f2f2f2;\" colspan=\"42\">1<\/td>\n<\/tr>\n<tr>\n<td style=\"border: 1px solid #FFFFFF; padding: 3px 0px 3px 5px; vertical-align: middle; background-color: #f2f2f2;\" colspan=\"18\">VGA<\/td>\n<td style=\"border: 1px solid #FFFFFF; padding: 3px 0px 3px 5px; vertical-align: middle; background-color: #f2f2f2;\" colspan=\"42\">1<\/td>\n<\/tr>\n<tr>\n<td style=\"border: 1px solid #FFFFFF; padding: 3px 0px 3px 5px; vertical-align: middle; background-color: #f2f2f2;\" colspan=\"18\">Network Port<\/td>\n<td style=\"border: 1px solid #FFFFFF; padding: 3px 0px 3px 5px; vertical-align: middle; background-color: #f2f2f2;\" colspan=\"42\">1 (10\/100 Mbps Ethernet port, RJ-45)<\/td>\n<\/tr>\n<tr>\n<td style=\"border: 1px solid #FFFFFF; padding: 3px 0px 3px 5px; vertical-align: middle; background-color: #c3c5c5; font-weight: bold;\" colspan=\"60\">General<\/td>\n<\/tr>\n<tr>\n<td style=\"border: 1px solid #FFFFFF; padding: 3px 0px 3px 5px; vertical-align: middle; background-color: #f2f2f2;\" colspan=\"18\">Power Supply<\/td>\n<td style=\"border: 1px solid #FFFFFF; padding: 3px 0px 3px 5px; vertical-align: middle; background-color: #f2f2f2;\" colspan=\"42\">12 VDC, 1.5 A<\/td>\n<\/tr>\n<tr>\n<td style=\"border: 1px solid #FFFFFF; padding: 3px 0px 3px 5px; vertical-align: middle; background-color: #f2f2f2;\" colspan=\"18\">Power Consumption<\/td>\n<td style=\"border: 1px solid #FFFFFF; padding: 3px 0px 3px 5px; vertical-align: middle; background-color: #f2f2f2;\" colspan=\"42\">&lt; 4 W<\/td>\n<\/tr>\n<tr>\n<td style=\"border: 1px solid #FFFFFF; padding: 3px 0px 3px 5px; vertical-align: middle; background-color: #f2f2f2;\" colspan=\"18\">Net Weight<\/td>\n<td style=\"border: 1px solid #FFFFFF; padding: 3px 0px 3px 5px; vertical-align: middle; background-color: #f2f2f2;\" colspan=\"42\">0.86 kg (1.90 lb)<\/td>\n<\/tr>\n<tr>\n<td style=\"border: 1px solid #FFFFFF; padding: 3px 0px 3px 5px; vertical-align: middle; background-color: #f2f2f2;\" colspan=\"18\">Gross Weight<\/td>\n<td style=\"border: 1px solid #FFFFFF; padding: 3px 0px 3px 5px; vertical-align: middle; background-color: #f2f2f2;\" colspan=\"42\">1.37 kg (3.02 lb)<\/td>\n<\/tr>\n<tr>\n<td style=\"border: 1px solid #FFFFFF; padding: 3px 0px 3px 5px; vertical-align: middle; background-color: #f2f2f2;\" colspan=\"18\">Product Dimensions<\/td>\n<td style=\"border: 1px solid #FFFFFF; padding: 3px 0px 3px 5px; vertical-align: middle; background-color: #f2f2f2;\" colspan=\"42\">260.0 mm \u00d7 237.9 mm \u00d7 47.6 mm (10.24&#8221; \u00d7 9.37&#8221; \u00d7 1.87&#8221;) (W \u00d7 D \u00d7 H)<\/td>\n<\/tr>\n<tr>\n<td style=\"border: 1px solid #FFFFFF; padding: 3px 0px 3px 5px; vertical-align: middle; background-color: #f2f2f2;\" colspan=\"18\">Packaging Dimensions<\/td>\n<td style=\"border: 1px solid #FFFFFF; padding: 3px 0px 3px 5px; vertical-align: middle; background-color: #f2f2f2;\" colspan=\"42\">333.0 mm \u00d7 315.0 mm \u00d7 89.0 mm ( 13.11&#8243; \u00d7 12.40&#8243; \u00d7 3.50&#8243; ) (W\u00d7 D \u00d7 H)<\/td>\n<\/tr>\n<tr>\n<td style=\"border: 1px solid #FFFFFF; padding: 3px 0px 3px 5px; vertical-align: middle; background-color: #f2f2f2;\" colspan=\"18\">Operating Temperature<\/td>\n<td style=\"border: 1px solid #FFFFFF; padding: 3px 0px 3px 5px; vertical-align: middle; background-color: #f2f2f2;\" colspan=\"42\">\u201310 \u00b0C to +55 \u00b0C (+14 \u00b0F to +131 \u00b0F)<\/td>\n<\/tr>\n<tr>\n<td style=\"border: 1px solid #FFFFFF; padding: 3px 0px 3px 5px; vertical-align: middle; background-color: #f2f2f2;\" colspan=\"18\">Operating Humidity<\/td>\n<td style=\"border: 1px solid #FFFFFF; padding: 3px 0px 3px 5px; vertical-align: middle; background-color: #f2f2f2;\" colspan=\"42\">0%\u201390% (RH)<\/td>\n<\/tr>\n<tr>\n<td style=\"border: 1px solid #FFFFFF; padding: 3px 0px 3px 5px; vertical-align: middle; background-color: #f2f2f2;\" colspan=\"18\">Installation<\/td>\n<td style=\"border: 1px solid #FFFFFF; padding: 3px 0px 3px 5px; vertical-align: middle; background-color: #f2f2f2;\" colspan=\"42\">Desktop<\/td>\n<\/tr>\n<tr>\n<td style=\"border: 1px solid #FFFFFF; padding: 3px 0px 3px 5px; vertical-align: middle; background-color: #f2f2f2;\" colspan=\"18\">Certifications<\/td>\n<td style=\"border: 1px solid #FFFFFF; padding: 3px 0px 3px 5px; vertical-align: middle; background-color: #f2f2f2;\" colspan=\"42\">FCC: Part 15 Subpart B<br \/>\nCE: CE-LVD: EN 60950-1\/IEC 60950-1<br \/>\nCE-EMC: EN 61000-3-2; EN 61000-3-3; EN 55032; EN50130; EN 55024<\/td>\n<\/tr>\n<\/tbody>\n<\/table>\n","protected":false},"excerpt":{"rendered":"<p><strong>\u10db\u10dd\u10d3\u10d4\u10da\u10d8: Video recorder Dahua DHXVR4104HS-I<\/strong><\/p>\n<p>&gt; H.265+\/H.265 dual-stream video compression<\/p>\n<p>&gt; Supports Full-channel AI-Coding<\/p>\n<p>&gt; Supports HDCVI\/AHD\/TVI\/CVBS\/IP video inputs<\/p>\n<p>&gt; Max 5 channels IP camera inputs, each channel up to 2MP; Max 32 Mbps incoming bandwidth<\/p>\n<p>&gt; Up to 4 channels video stream (analog channel) SMD Plus<\/p>\n","protected":false},"featured_media":12537,"comment_status":"open","ping_status":"closed","template":"","meta":[],"product_cat":[214,164,168],"product_tag":[],"class_list":{"0":"post-12986","1":"product","2":"type-product","3":"status-publish","4":"has-post-thumbnail","6":"product_cat-video-metvalyureobis-sistemebi-en","7":"product_cat-chamweri-mowyobilobebi-en","8":"product_cat-nvr-en","9":"pa_brand-dahua-en","11":"first","12":"instock","13":"shipping-taxable","14":"purchasable","15":"product-type-simple"},"_links":{"self":[{"href":"https:\/\/bigchoice.ge\/en\/wp-json\/wp\/v2\/product\/12986","targetHints":{"allow":["GET"]}}],"collection":[{"href":"https:\/\/bigchoice.ge\/en\/wp-json\/wp\/v2\/product"}],"about":[{"href":"https:\/\/bigchoice.ge\/en\/wp-json\/wp\/v2\/types\/product"}],"replies":[{"embeddable":true,"href":"https:\/\/bigchoice.ge\/en\/wp-json\/wp\/v2\/comments?post=12986"}],"version-history":[{"count":1,"href":"https:\/\/bigchoice.ge\/en\/wp-json\/wp\/v2\/product\/12986\/revisions"}],"predecessor-version":[{"id":12989,"href":"https:\/\/bigchoice.ge\/en\/wp-json\/wp\/v2\/product\/12986\/revisions\/12989"}],"wp:featuredmedia":[{"embeddable":true,"href":"https:\/\/bigchoice.ge\/en\/wp-json\/wp\/v2\/media\/12537"}],"wp:attachment":[{"href":"https:\/\/bigchoice.ge\/en\/wp-json\/wp\/v2\/media?parent=12986"}],"wp:term":[{"taxonomy":"product_cat","embeddable":true,"href":"https:\/\/bigchoice.ge\/en\/wp-json\/wp\/v2\/product_cat?post=12986"},{"taxonomy":"product_tag","embeddable":true,"href":"https:\/\/bigchoice.ge\/en\/wp-json\/wp\/v2\/product_tag?post=12986"}],"curies":[{"name":"wp","href":"https:\/\/api.w.org\/{rel}","templated":true}]}}